{"id":3,"date":"2025-12-17T00:05:51","date_gmt":"2025-12-17T00:05:51","guid":{"rendered":"http:\/\/www.hayenne.com\/?page_id=3"},"modified":"2025-12-23T22:51:53","modified_gmt":"2025-12-23T22:51:53","slug":"politica-de-privacidad","status":"publish","type":"page","link":"https:\/\/www.hayenne.com\/es\/politica-de-privacidad\/","title":{"rendered":"Pol\u00edtica de privacidad"},"content":{"rendered":"<h2 class=\"wp-block-heading\"><\/h2>\n\n\n\n<p><strong>Fecha de entrada en vigor<\/strong>: 01\/01\/2025<br><br>La presente Pol\u00edtica de privacidad describe c\u00f3mo Hayenne (\u201cHayenne\u201d, \u201cnosotros\u201d, \u201cnos\u201d o \u201cnuestro\u201d) recopila, utiliza y protege los datos personales en relaci\u00f3n con el uso del sitio web www.hayenne.com.<br>(el \u201cSitio web\u201d).<\/p>\n\n\n\n<p>Hayenne se compromete a garantizar la protecci\u00f3n de los datos personales de conformidad con las leyes de protecci\u00f3n de datos aplicables, incluido el Reglamento General de Protecci\u00f3n de Datos (RGPD) de la UE, el RGPD del Reino Unido y la Ley Federal Suiza de Protecci\u00f3n de Datos (FADP).<\/p>\n\n\n\n<p><strong>1. Responsable del tratamiento de datos<\/strong><\/p>\n\n\n\n<p>El responsable del tratamiento de los datos personales en virtud de la presente Pol\u00edtica de privacidad es:<\/p>\n\n\n\n<p>Hayenne: <strong>correo electr\u00f3nico<\/strong>: info @ hayenne.com<\/p>\n\n\n\n<p><strong>2. \u00c1mbito de aplicaci\u00f3n<\/strong><\/p>\n\n\n\n<p>La presente Pol\u00edtica de privacidad se aplica a todos los visitantes y usuarios del sitio web. Regula el tratamiento de los datos personales recopilados a trav\u00e9s del sitio web, incluyendo cuando los usuarios navegan por el contenido o se ponen en contacto con Hayenne.<\/p>\n\n\n\n<p><strong>3. Categor\u00edas de datos personales<\/strong><\/p>\n\n\n\n<p>Hayenne puede tratar las siguientes categor\u00edas de datos personales:<\/p>\n\n\n\n<p><strong>3.1 Datos proporcionados por los usuarios<\/strong><\/p>\n\n\n\n<p>Nombre (si se proporciona)<br>Direcci\u00f3n de correo electr\u00f3nico<br>Cualquier informaci\u00f3n incluida voluntariamente en las comunicaciones enviadas a Hayenne.<\/p>\n\n\n\n<p><strong>3.2 Datos recopilados autom\u00e1ticamente<\/strong><\/p>\n\n\n\n<p>Al acceder al sitio web, es posible que se recopilen autom\u00e1ticamente ciertos datos t\u00e9cnicos, entre los que se incluyen:<\/p>\n\n\n\n<ul class=\"wp-block-list\">\n<li>Direcci\u00f3n IP<\/li>\n\n\n\n<li>Tipo y versi\u00f3n del navegador<\/li>\n\n\n\n<li>Informaci\u00f3n sobre el dispositivo y el sistema operativo<\/li>\n\n\n\n<li>Fecha y hora de acceso<\/li>\n\n\n\n<li>P\u00e1ginas visitadas y URL de referencia<\/li>\n<\/ul>\n\n\n\n<p><strong>4. Finalidades del tratamiento<\/strong><\/p>\n\n\n\n<p>Los datos personales se tratan con las siguientes finalidades:<\/p>\n\n\n\n<ul class=\"wp-block-list\">\n<li>Funcionamiento, administraci\u00f3n y mantenimiento del sitio web.<\/li>\n\n\n\n<li>Comunicaci\u00f3n con los usuarios y respuesta a consultas<\/li>\n\n\n\n<li>Garantizar la seguridad, la estabilidad y el correcto funcionamiento del sitio web.<\/li>\n\n\n\n<li>An\u00e1lisis estad\u00edstico y mejora del rendimiento del sitio web.<\/li>\n\n\n\n<li>Cumplimiento de las obligaciones legales y reglamentarias<\/li>\n<\/ul>\n\n\n\n<p><strong>5. Bases legales para el tratamiento<\/strong><\/p>\n\n\n\n<p>Los datos personales se tratan de conformidad con la legislaci\u00f3n aplicable sobre la base de:<\/p>\n\n\n\n<ul class=\"wp-block-list\">\n<li>Consentimiento del usuario, cuando sea necesario<\/li>\n\n\n\n<li>Intereses leg\u00edtimos perseguidos por Hayenne, incluyendo el funcionamiento y la mejora del sitio web.<\/li>\n\n\n\n<li>Cumplimiento de las obligaciones legales<\/li>\n<\/ul>\n\n\n\n<p>Cumplimiento de medidas contractuales o precontractuales, cuando proceda.<\/p>\n\n\n\n<p><strong>6. Divulgaci\u00f3n de datos personales<\/strong><\/p>\n\n\n\n<ul class=\"wp-block-list\">\n<li>Los datos personales no se venden ni se alquilan.<\/li>\n\n\n\n<li>Los datos personales solo podr\u00e1n ser revelados a terceros cuando sea necesario, incluyendo:<\/li>\n\n\n\n<li>Proveedores de servicios de alojamiento, CRM y TI<\/li>\n\n\n\n<li>Proveedores de an\u00e1lisis web<\/li>\n\n\n\n<li>Asesores profesionales o autoridades cuando as\u00ed lo exija la ley.<\/li>\n<\/ul>\n\n\n\n<p>Todos los terceros est\u00e1n obligados a tratar los datos personales de conformidad con las leyes de protecci\u00f3n de datos aplicables y las garant\u00edas adecuadas.<\/p>\n\n\n\n<p><strong>7. Transferencias internacionales de datos<\/strong><\/p>\n\n\n\n<p>Los datos personales pueden transferirse y tratarse en pa\u00edses fuera de la Uni\u00f3n Europea, el Reino Unido o Suiza. Cuando se producen dichas transferencias, se aplican las garant\u00edas adecuadas, incluidas decisiones de adecuaci\u00f3n, cl\u00e1usulas contractuales tipo u otros mecanismos de transferencia legales.<\/p>\n\n\n\n<p><strong>8. Conservaci\u00f3n de datos<\/strong><\/p>\n\n\n\n<p>Los datos personales solo se conservan durante el tiempo necesario para cumplir los fines para los que fueron recopilados, a menos que la ley exija o permita un per\u00edodo de conservaci\u00f3n m\u00e1s largo.<\/p>\n\n\n\n<p><strong>9. Cookies y tecnolog\u00edas similares<\/strong><\/p>\n\n\n\n<p>El sitio web puede utilizar cookies y tecnolog\u00edas similares para garantizar su funcionalidad, analizar el tr\u00e1fico y mejorar la experiencia del usuario. Los usuarios pueden gestionar las preferencias de cookies a trav\u00e9s de la configuraci\u00f3n de su navegador.<\/p>\n\n\n\n<p>Se puede proporcionar informaci\u00f3n adicional en una Pol\u00edtica de cookies independiente, cuando corresponda.<\/p>\n\n\n\n<p><strong>10. Seguridad de los datos<\/strong><\/p>\n\n\n\n<p>Hayenne implementa las medidas t\u00e9cnicas y organizativas adecuadas para proteger los datos personales contra el acceso no autorizado, la p\u00e9rdida, la alteraci\u00f3n o la divulgaci\u00f3n. A pesar de estas medidas, no se puede garantizar la seguridad absoluta.<\/p>\n\n\n\n<p><strong>11. Derechos del interesado<\/strong><\/p>\n\n\n\n<p>De conformidad con las leyes de protecci\u00f3n de datos aplicables, los usuarios tienen derecho a:<\/p>\n\n\n\n<ul class=\"wp-block-list\">\n<li>Acceder a sus datos personales<\/li>\n\n\n\n<li>Solicitar la rectificaci\u00f3n de datos inexactos.<\/li>\n\n\n\n<li>Solicitar la supresi\u00f3n de datos personales<\/li>\n\n\n\n<li>Solicitar restricci\u00f3n del tratamiento<\/li>\n\n\n\n<li>Oponerse al tratamiento<\/li>\n\n\n\n<li>Solicitar la portabilidad de datos<\/li>\n\n\n\n<li>Retirar el consentimiento en cualquier momento, cuando el tratamiento se base en el consentimiento.<\/li>\n<\/ul>\n\n\n\n<p>Las solicitudes pueden enviarse por correo electr\u00f3nico a: info @ hayenne.com<\/p>\n\n\n\n<p><strong>12. Derecho a presentar una reclamaci\u00f3n<\/strong><\/p>\n\n\n\n<p>Los usuarios tienen derecho a presentar una reclamaci\u00f3n ante una autoridad competente en materia de protecci\u00f3n de datos, incluida una autoridad de la UE, la Oficina del Comisionado de Informaci\u00f3n del Reino Unido (ICO) o el Comisionado Federal Suizo de Protecci\u00f3n de Datos e Informaci\u00f3n (FDPIC).<\/p>\n\n\n\n<p><strong>13. Sitios web de terceros<\/strong><\/p>\n\n\n\n<p>El sitio web puede contener enlaces a sitios web de terceros. Hayenne no se hace responsable de las pr\u00e1cticas de privacidad ni del contenido de dichos sitios web. Se recomienda a los usuarios que revisen las pol\u00edticas de privacidad de terceros.<\/p>\n\n\n\n<p><strong>14. Modificaciones<\/strong><\/p>\n\n\n\n<p>Hayenne se reserva el derecho de modificar esta Pol\u00edtica de privacidad en cualquier momento. Cualquier cambio se publicar\u00e1 en el sitio web y entrar\u00e1 en vigor tras su publicaci\u00f3n.<\/p>\n\n\n\n<p><strong>15. Contacto<\/strong><\/p>\n\n\n\n<p>Si tiene alguna pregunta o solicitud relacionada con esta Pol\u00edtica de privacidad o con el tratamiento de datos personales, p\u00f3ngase en contacto con:<\/p>\n\n\n\n<p><strong>Correo electr\u00f3nico:<\/strong> info @ hayenne.com<\/p>","protected":false},"excerpt":{"rendered":"<p>Pol\u00edtica de privacidad de Hayenne<\/p>","protected":false},"author":1,"featured_media":0,"parent":0,"menu_order":0,"comment_status":"closed","ping_status":"open","template":"","meta":{"colormag_page_container_layout":"default_layout","colormag_page_sidebar_layout":"default_layout","footnotes":""},"class_list":["post-3","page","type-page","status-publish","hentry"],"yoast_head":"<!-- This site is optimized with the Yoast SEO plugin v26.7 - https:\/\/yoast.com\/wordpress\/plugins\/seo\/ -->\n<title>Privacy Policy - Hayenne | Modern Lifestyle &amp; Culture<\/title>\n<meta name=\"robots\" content=\"index, follow, max-snippet:-1, max-image-preview:large, max-video-preview:-1\" \/>\n<link rel=\"canonical\" href=\"https:\/\/www.hayenne.com\/es\/politica-de-privacidad\/\" \/>\n<meta property=\"og:locale\" content=\"es_ES\" \/>\n<meta property=\"og:type\" content=\"article\" \/>\n<meta property=\"og:title\" content=\"Privacy Policy - Hayenne | Modern Lifestyle &amp; Culture\" \/>\n<meta property=\"og:description\" content=\"Pricacy Policy of Hayenne\" \/>\n<meta property=\"og:url\" content=\"https:\/\/www.hayenne.com\/es\/politica-de-privacidad\/\" \/>\n<meta property=\"og:site_name\" content=\"Hayenne | Modern Lifestyle &amp; Culture\" \/>\n<meta property=\"article:modified_time\" content=\"2025-12-23T22:51:53+00:00\" \/>\n<meta name=\"twitter:card\" content=\"summary_large_image\" \/>\n<meta name=\"twitter:label1\" content=\"Tiempo de lectura\" \/>\n\t<meta name=\"twitter:data1\" content=\"3 minutos\" \/>\n<script type=\"application\/ld+json\" class=\"yoast-schema-graph\">{\"@context\":\"https:\/\/schema.org\",\"@graph\":[{\"@type\":\"WebPage\",\"@id\":\"https:\/\/www.hayenne.com\/pt\/politica-de-privacidade\/\",\"url\":\"https:\/\/www.hayenne.com\/pt\/politica-de-privacidade\/\",\"name\":\"Privacy Policy - Hayenne | Modern Lifestyle &amp; Culture\",\"isPartOf\":{\"@id\":\"http:\/\/www.hayenne.com\/pt\/#website\"},\"datePublished\":\"2025-12-17T00:05:51+00:00\",\"dateModified\":\"2025-12-23T22:51:53+00:00\",\"breadcrumb\":{\"@id\":\"https:\/\/www.hayenne.com\/pt\/politica-de-privacidade\/#breadcrumb\"},\"inLanguage\":\"es\",\"potentialAction\":[{\"@type\":\"ReadAction\",\"target\":[\"https:\/\/www.hayenne.com\/pt\/politica-de-privacidade\/\"]}]},{\"@type\":\"BreadcrumbList\",\"@id\":\"https:\/\/www.hayenne.com\/pt\/politica-de-privacidade\/#breadcrumb\",\"itemListElement\":[{\"@type\":\"ListItem\",\"position\":1,\"name\":\"Home\",\"item\":\"http:\/\/www.hayenne.com\/pt\/\"},{\"@type\":\"ListItem\",\"position\":2,\"name\":\"Privacy Policy\"}]},{\"@type\":\"WebSite\",\"@id\":\"http:\/\/www.hayenne.com\/pt\/#website\",\"url\":\"http:\/\/www.hayenne.com\/pt\/\",\"name\":\"Hayenne | Modern Lifestyle & Culture\",\"description\":\"Hayenne is a global lifestyle platform exploring modern identity, wellness, fashion, beauty, relationships, and future living\u2014curated for men and women shaping a conscious, elegant, and forward-looking life.\",\"publisher\":{\"@id\":\"http:\/\/www.hayenne.com\/pt\/#organization\"},\"potentialAction\":[{\"@type\":\"SearchAction\",\"target\":{\"@type\":\"EntryPoint\",\"urlTemplate\":\"http:\/\/www.hayenne.com\/pt\/?s={search_term_string}\"},\"query-input\":{\"@type\":\"PropertyValueSpecification\",\"valueRequired\":true,\"valueName\":\"search_term_string\"}}],\"inLanguage\":\"es\"},{\"@type\":\"Organization\",\"@id\":\"http:\/\/www.hayenne.com\/pt\/#organization\",\"name\":\"Hayenne | Modern Lifestyle & Culture\",\"url\":\"http:\/\/www.hayenne.com\/pt\/\",\"logo\":{\"@type\":\"ImageObject\",\"inLanguage\":\"es\",\"@id\":\"http:\/\/www.hayenne.com\/pt\/#\/schema\/logo\/image\/\",\"url\":\"https:\/\/www.hayenne.com\/wp-content\/uploads\/2025\/12\/cropped-hayenne.jpg\",\"contentUrl\":\"https:\/\/www.hayenne.com\/wp-content\/uploads\/2025\/12\/cropped-hayenne.jpg\",\"width\":300,\"height\":60,\"caption\":\"Hayenne | Modern Lifestyle & Culture\"},\"image\":{\"@id\":\"http:\/\/www.hayenne.com\/pt\/#\/schema\/logo\/image\/\"}}]}<\/script>\n<!-- \/ Yoast SEO plugin. -->","yoast_head_json":{"title":"Pol\u00edtica de privacidad - Hayenne | Estilo de vida y cultura modernos","robots":{"index":"index","follow":"follow","max-snippet":"max-snippet:-1","max-image-preview":"max-image-preview:large","max-video-preview":"max-video-preview:-1"},"canonical":"https:\/\/www.hayenne.com\/es\/politica-de-privacidad\/","og_locale":"es_ES","og_type":"article","og_title":"Privacy Policy - Hayenne | Modern Lifestyle &amp; Culture","og_description":"Pricacy Policy of Hayenne","og_url":"https:\/\/www.hayenne.com\/es\/politica-de-privacidad\/","og_site_name":"Hayenne | Modern Lifestyle &amp; Culture","article_modified_time":"2025-12-23T22:51:53+00:00","twitter_card":"summary_large_image","twitter_misc":{"Tiempo de lectura":"3 minutos"},"schema":{"@context":"https:\/\/schema.org","@graph":[{"@type":"WebPage","@id":"https:\/\/www.hayenne.com\/pt\/politica-de-privacidade\/","url":"https:\/\/www.hayenne.com\/pt\/politica-de-privacidade\/","name":"Pol\u00edtica de privacidad - Hayenne | Estilo de vida y cultura modernos","isPartOf":{"@id":"http:\/\/www.hayenne.com\/pt\/#website"},"datePublished":"2025-12-17T00:05:51+00:00","dateModified":"2025-12-23T22:51:53+00:00","breadcrumb":{"@id":"https:\/\/www.hayenne.com\/pt\/politica-de-privacidade\/#breadcrumb"},"inLanguage":"es","potentialAction":[{"@type":"ReadAction","target":["https:\/\/www.hayenne.com\/pt\/politica-de-privacidade\/"]}]},{"@type":"BreadcrumbList","@id":"https:\/\/www.hayenne.com\/pt\/politica-de-privacidade\/#breadcrumb","itemListElement":[{"@type":"ListItem","position":1,"name":"Home","item":"http:\/\/www.hayenne.com\/pt\/"},{"@type":"ListItem","position":2,"name":"Privacy Policy"}]},{"@type":"WebSite","@id":"http:\/\/www.hayenne.com\/pt\/#website","url":"http:\/\/www.hayenne.com\/pt\/","name":"Hayenne | Estilo de vida y cultura modernos","description":"Hayenne es una plataforma global de estilo de vida que explora la identidad moderna, el bienestar, la moda, la belleza, las relaciones y la vida futura, pensada para hombres y mujeres que desean llevar una vida consciente, elegante y con visi\u00f3n de futuro.","publisher":{"@id":"http:\/\/www.hayenne.com\/pt\/#organization"},"potentialAction":[{"@type":"SearchAction","target":{"@type":"EntryPoint","urlTemplate":"http:\/\/www.hayenne.com\/pt\/?s={search_term_string}"},"query-input":{"@type":"PropertyValueSpecification","valueRequired":true,"valueName":"search_term_string"}}],"inLanguage":"es"},{"@type":"Organization","@id":"http:\/\/www.hayenne.com\/pt\/#organization","name":"Hayenne | Estilo de vida y cultura modernos","url":"http:\/\/www.hayenne.com\/pt\/","logo":{"@type":"ImageObject","inLanguage":"es","@id":"http:\/\/www.hayenne.com\/pt\/#\/schema\/logo\/image\/","url":"https:\/\/www.hayenne.com\/wp-content\/uploads\/2025\/12\/cropped-hayenne.jpg","contentUrl":"https:\/\/www.hayenne.com\/wp-content\/uploads\/2025\/12\/cropped-hayenne.jpg","width":300,"height":60,"caption":"Hayenne | Modern Lifestyle & Culture"},"image":{"@id":"http:\/\/www.hayenne.com\/pt\/#\/schema\/logo\/image\/"}}]}},"_links":{"self":[{"href":"https:\/\/www.hayenne.com\/es\/wp-json\/wp\/v2\/pages\/3","targetHints":{"allow":["GET"]}}],"collection":[{"href":"https:\/\/www.hayenne.com\/es\/wp-json\/wp\/v2\/pages"}],"about":[{"href":"https:\/\/www.hayenne.com\/es\/wp-json\/wp\/v2\/types\/page"}],"author":[{"embeddable":true,"href":"https:\/\/www.hayenne.com\/es\/wp-json\/wp\/v2\/users\/1"}],"replies":[{"embeddable":true,"href":"https:\/\/www.hayenne.com\/es\/wp-json\/wp\/v2\/comments?post=3"}],"version-history":[{"count":4,"href":"https:\/\/www.hayenne.com\/es\/wp-json\/wp\/v2\/pages\/3\/revisions"}],"predecessor-version":[{"id":1047,"href":"https:\/\/www.hayenne.com\/es\/wp-json\/wp\/v2\/pages\/3\/revisions\/1047"}],"wp:attachment":[{"href":"https:\/\/www.hayenne.com\/es\/wp-json\/wp\/v2\/media?parent=3"}],"curies":[{"name":"wp","href":"https:\/\/api.w.org\/{rel}","templated":true}]}}