{"id":3,"date":"2025-12-17T00:05:51","date_gmt":"2025-12-17T00:05:51","guid":{"rendered":"http:\/\/www.hayenne.com\/?page_id=3"},"modified":"2025-12-23T22:51:53","modified_gmt":"2025-12-23T22:51:53","slug":"politique-de-confidentialite","status":"publish","type":"page","link":"https:\/\/www.hayenne.com\/fr\/politique-de-confidentialite\/","title":{"rendered":"Politique de confidentialit\u00e9"},"content":{"rendered":"<h2 class=\"wp-block-heading\"><\/h2>\n\n\n\n<p><strong>Date d'entr\u00e9e en vigueur<\/strong>: 01\/01\/2025<br><br>La pr\u00e9sente politique de confidentialit\u00e9 d\u00e9crit la mani\u00e8re dont Hayenne (\u201c Hayenne \u201d, \u201c nous \u201d, \u201c notre \u201d ou \u201c nos \u201d) collecte, utilise et prot\u00e8ge les donn\u00e9es personnelles dans le cadre de l'utilisation du site web www.hayenne.com.<br>(le \u201c site Web \u201d).<\/p>\n\n\n\n<p>Hayenne s'engage \u00e0 garantir la protection des donn\u00e9es personnelles conform\u00e9ment aux lois applicables en mati\u00e8re de protection des donn\u00e9es, notamment le R\u00e8glement g\u00e9n\u00e9ral sur la protection des donn\u00e9es (RGPD) de l'UE, le RGPD britannique et la Loi f\u00e9d\u00e9rale suisse sur la protection des donn\u00e9es (LPD).<\/p>\n\n\n\n<p><strong>1. Responsable du traitement des donn\u00e9es<\/strong><\/p>\n\n\n\n<p>Le responsable du traitement des donn\u00e9es \u00e0 caract\u00e8re personnel dans le cadre de la pr\u00e9sente politique de confidentialit\u00e9 est :<\/p>\n\n\n\n<p>Hayenne : <strong>courriel<\/strong>: info @ hayenne.com<\/p>\n\n\n\n<p><strong>2. Champ d'application<\/strong><\/p>\n\n\n\n<p>La pr\u00e9sente politique de confidentialit\u00e9 s'applique \u00e0 tous les visiteurs et utilisateurs du site web. Elle r\u00e9git le traitement des donn\u00e9es personnelles collect\u00e9es via le site web, y compris lorsque les utilisateurs consultent du contenu ou contactent Hayenne.<\/p>\n\n\n\n<p><strong>3. Cat\u00e9gories de donn\u00e9es \u00e0 caract\u00e8re personnel<\/strong><\/p>\n\n\n\n<p>Hayenne peut traiter les cat\u00e9gories suivantes de donn\u00e9es \u00e0 caract\u00e8re personnel :<\/p>\n\n\n\n<p><strong>3.1 Donn\u00e9es fournies par les utilisateurs<\/strong><\/p>\n\n\n\n<p>Nom (si fourni)<br>Adresse \u00e9lectronique<br>Toute information volontairement incluse dans les communications envoy\u00e9es \u00e0 Hayenne<\/p>\n\n\n\n<p><strong>3.2 Donn\u00e9es collect\u00e9es automatiquement<\/strong><\/p>\n\n\n\n<p>Lorsque vous acc\u00e9dez au site Web, certaines donn\u00e9es techniques peuvent \u00eatre collect\u00e9es automatiquement, notamment :<\/p>\n\n\n\n<ul class=\"wp-block-list\">\n<li>adresse IP<\/li>\n\n\n\n<li>Type et version du navigateur<\/li>\n\n\n\n<li>Informations sur l'appareil et le syst\u00e8me d'exploitation<\/li>\n\n\n\n<li>Date et heure d'acc\u00e8s<\/li>\n\n\n\n<li>Pages consult\u00e9es et URL de r\u00e9f\u00e9rence<\/li>\n<\/ul>\n\n\n\n<p><strong>4. Finalit\u00e9s du traitement<\/strong><\/p>\n\n\n\n<p>Les donn\u00e9es \u00e0 caract\u00e8re personnel sont trait\u00e9es aux fins suivantes :<\/p>\n\n\n\n<ul class=\"wp-block-list\">\n<li>Exploitation, administration et maintenance du site Web<\/li>\n\n\n\n<li>Communication avec les utilisateurs et r\u00e9ponse aux demandes de renseignements<\/li>\n\n\n\n<li>Assurer la s\u00e9curit\u00e9, la stabilit\u00e9 et le bon fonctionnement du site Web<\/li>\n\n\n\n<li>Analyse statistique et am\u00e9lioration des performances du site Web<\/li>\n\n\n\n<li>Respect des obligations l\u00e9gales et r\u00e9glementaires<\/li>\n<\/ul>\n\n\n\n<p><strong>5. Bases juridiques du traitement<\/strong><\/p>\n\n\n\n<p>Les donn\u00e9es \u00e0 caract\u00e8re personnel sont trait\u00e9es conform\u00e9ment \u00e0 la l\u00e9gislation applicable sur la base :<\/p>\n\n\n\n<ul class=\"wp-block-list\">\n<li>Consentement de l'utilisateur, le cas \u00e9ch\u00e9ant<\/li>\n\n\n\n<li>Int\u00e9r\u00eats l\u00e9gitimes poursuivis par Hayenne, y compris l'exploitation et l'am\u00e9lioration du site Web<\/li>\n\n\n\n<li>Respect des obligations l\u00e9gales<\/li>\n<\/ul>\n\n\n\n<p>Ex\u00e9cution des mesures contractuelles ou pr\u00e9contractuelles, le cas \u00e9ch\u00e9ant<\/p>\n\n\n\n<p><strong>6. Divulgation des donn\u00e9es personnelles<\/strong><\/p>\n\n\n\n<ul class=\"wp-block-list\">\n<li>Les donn\u00e9es personnelles ne sont ni vendues ni lou\u00e9es.<\/li>\n\n\n\n<li>Les donn\u00e9es personnelles ne peuvent \u00eatre divulgu\u00e9es \u00e0 des tiers que lorsque cela est n\u00e9cessaire, notamment :<\/li>\n\n\n\n<li>H\u00e9bergement, CRM et prestataires de services informatiques<\/li>\n\n\n\n<li>Fournisseurs d'analyses de sites Web<\/li>\n\n\n\n<li>Conseillers professionnels ou autorit\u00e9s lorsque la loi l'exige<\/li>\n<\/ul>\n\n\n\n<p>Tous les tiers sont tenus de traiter les donn\u00e9es \u00e0 caract\u00e8re personnel conform\u00e9ment aux lois applicables en mati\u00e8re de protection des donn\u00e9es et aux garanties appropri\u00e9es.<\/p>\n\n\n\n<p><strong>7. Transferts internationaux de donn\u00e9es<\/strong><\/p>\n\n\n\n<p>Les donn\u00e9es personnelles peuvent \u00eatre transf\u00e9r\u00e9es vers des pays hors de l'Union europ\u00e9enne, du Royaume-Uni ou de la Suisse, et y \u00eatre trait\u00e9es. Lorsque de tels transferts ont lieu, des garanties appropri\u00e9es sont mises en \u0153uvre, notamment des d\u00e9cisions d'ad\u00e9quation, des clauses contractuelles types ou d'autres m\u00e9canismes de transfert l\u00e9gaux.<\/p>\n\n\n\n<p><strong>8. Conservation des donn\u00e9es<\/strong><\/p>\n\n\n\n<p>Les donn\u00e9es personnelles ne sont conserv\u00e9es que pendant la dur\u00e9e n\u00e9cessaire \u00e0 la r\u00e9alisation des finalit\u00e9s pour lesquelles elles ont \u00e9t\u00e9 collect\u00e9es, sauf si une p\u00e9riode de conservation plus longue est requise ou autoris\u00e9e par la loi.<\/p>\n\n\n\n<p><strong>9. Cookies et technologies similaires<\/strong><\/p>\n\n\n\n<p>Le site Web peut utiliser des cookies et des technologies similaires pour assurer son bon fonctionnement, analyser le trafic et am\u00e9liorer l'exp\u00e9rience utilisateur. Les utilisateurs peuvent g\u00e9rer leurs pr\u00e9f\u00e9rences en mati\u00e8re de cookies via les param\u00e8tres de leur navigateur.<\/p>\n\n\n\n<p>Des informations suppl\u00e9mentaires peuvent \u00eatre fournies dans une politique distincte relative aux cookies, le cas \u00e9ch\u00e9ant.<\/p>\n\n\n\n<p><strong>10. S\u00e9curit\u00e9 des donn\u00e9es<\/strong><\/p>\n\n\n\n<p>Hayenne met en \u0153uvre les mesures techniques et organisationnelles appropri\u00e9es pour prot\u00e9ger les donn\u00e9es personnelles contre tout acc\u00e8s non autoris\u00e9, perte, alt\u00e9ration ou divulgation. Malgr\u00e9 ces mesures, une s\u00e9curit\u00e9 absolue ne peut \u00eatre garantie.<\/p>\n\n\n\n<p><strong>11. Droits des personnes concern\u00e9es<\/strong><\/p>\n\n\n\n<p>Conform\u00e9ment aux lois applicables en mati\u00e8re de protection des donn\u00e9es, les utilisateurs ont le droit :<\/p>\n\n\n\n<ul class=\"wp-block-list\">\n<li>Acc\u00e9der \u00e0 leurs donn\u00e9es personnelles<\/li>\n\n\n\n<li>Demander la rectification de donn\u00e9es inexactes<\/li>\n\n\n\n<li>Demander l'effacement des donn\u00e9es \u00e0 caract\u00e8re personnel<\/li>\n\n\n\n<li>Demander la limitation du traitement<\/li>\n\n\n\n<li>S'opposer au traitement<\/li>\n\n\n\n<li>Demander la portabilit\u00e9 des donn\u00e9es<\/li>\n\n\n\n<li>Retirer votre consentement \u00e0 tout moment, lorsque le traitement est bas\u00e9 sur le consentement<\/li>\n<\/ul>\n\n\n\n<p>Les demandes peuvent \u00eatre envoy\u00e9es par e-mail \u00e0 l'adresse suivante : info @ hayenne.com<\/p>\n\n\n\n<p><strong>12. Droit de d\u00e9poser une plainte<\/strong><\/p>\n\n\n\n<p>Les utilisateurs ont le droit de d\u00e9poser une plainte aupr\u00e8s d'une autorit\u00e9 comp\u00e9tente en mati\u00e8re de protection des donn\u00e9es, notamment une autorit\u00e9 de l'UE, le Bureau du commissaire \u00e0 l'information du Royaume-Uni (ICO) ou le Pr\u00e9pos\u00e9 f\u00e9d\u00e9ral \u00e0 la protection des donn\u00e9es et \u00e0 la transparence (PFPDT).<\/p>\n\n\n\n<p><strong>13. Sites Web tiers<\/strong><\/p>\n\n\n\n<p>Le site Web peut contenir des liens vers des sites Web tiers. Hayenne n'est pas responsable des pratiques de confidentialit\u00e9 ni du contenu de ces sites Web. Les utilisateurs sont invit\u00e9s \u00e0 consulter les politiques de confidentialit\u00e9 des tiers.<\/p>\n\n\n\n<p><strong>14. Modifications<\/strong><\/p>\n\n\n\n<p>Hayenne se r\u00e9serve le droit de modifier la pr\u00e9sente politique de confidentialit\u00e9 \u00e0 tout moment. Toute modification sera publi\u00e9e sur le site Web et entrera en vigueur d\u00e8s sa publication.<\/p>\n\n\n\n<p><strong>15. Contact<\/strong><\/p>\n\n\n\n<p>Pour toute question ou demande relative \u00e0 la pr\u00e9sente politique de confidentialit\u00e9 ou au traitement des donn\u00e9es \u00e0 caract\u00e8re personnel, veuillez contacter :<\/p>\n\n\n\n<p><strong>Courriel :<\/strong> info @ hayenne.com<\/p>","protected":false},"excerpt":{"rendered":"<p>Politique de confidentialit\u00e9 de Hayenne<\/p>","protected":false},"author":1,"featured_media":0,"parent":0,"menu_order":0,"comment_status":"closed","ping_status":"open","template":"","meta":{"colormag_page_container_layout":"default_layout","colormag_page_sidebar_layout":"default_layout","footnotes":""},"class_list":["post-3","page","type-page","status-publish","hentry"],"yoast_head":"<!-- This site is optimized with the Yoast SEO plugin v26.7 - https:\/\/yoast.com\/wordpress\/plugins\/seo\/ -->\n<title>Privacy Policy - Hayenne | Modern Lifestyle &amp; Culture<\/title>\n<meta name=\"robots\" content=\"index, follow, max-snippet:-1, max-image-preview:large, max-video-preview:-1\" \/>\n<link rel=\"canonical\" href=\"https:\/\/www.hayenne.com\/fr\/politique-de-confidentialite\/\" \/>\n<meta property=\"og:locale\" content=\"fr_FR\" \/>\n<meta property=\"og:type\" content=\"article\" \/>\n<meta property=\"og:title\" content=\"Privacy Policy - Hayenne | Modern Lifestyle &amp; Culture\" \/>\n<meta property=\"og:description\" content=\"Pricacy Policy of Hayenne\" \/>\n<meta property=\"og:url\" content=\"https:\/\/www.hayenne.com\/fr\/politique-de-confidentialite\/\" \/>\n<meta property=\"og:site_name\" content=\"Hayenne | Modern Lifestyle &amp; Culture\" \/>\n<meta property=\"article:modified_time\" content=\"2025-12-23T22:51:53+00:00\" \/>\n<meta name=\"twitter:card\" content=\"summary_large_image\" \/>\n<meta name=\"twitter:label1\" content=\"Dur\u00e9e de lecture estim\u00e9e\" \/>\n\t<meta name=\"twitter:data1\" content=\"3 minutes\" \/>\n<script type=\"application\/ld+json\" class=\"yoast-schema-graph\">{\"@context\":\"https:\/\/schema.org\",\"@graph\":[{\"@type\":\"WebPage\",\"@id\":\"https:\/\/www.hayenne.com\/pt\/politica-de-privacidade\/\",\"url\":\"https:\/\/www.hayenne.com\/pt\/politica-de-privacidade\/\",\"name\":\"Privacy Policy - Hayenne | Modern Lifestyle &amp; Culture\",\"isPartOf\":{\"@id\":\"http:\/\/www.hayenne.com\/pt\/#website\"},\"datePublished\":\"2025-12-17T00:05:51+00:00\",\"dateModified\":\"2025-12-23T22:51:53+00:00\",\"breadcrumb\":{\"@id\":\"https:\/\/www.hayenne.com\/pt\/politica-de-privacidade\/#breadcrumb\"},\"inLanguage\":\"fr-FR\",\"potentialAction\":[{\"@type\":\"ReadAction\",\"target\":[\"https:\/\/www.hayenne.com\/pt\/politica-de-privacidade\/\"]}]},{\"@type\":\"BreadcrumbList\",\"@id\":\"https:\/\/www.hayenne.com\/pt\/politica-de-privacidade\/#breadcrumb\",\"itemListElement\":[{\"@type\":\"ListItem\",\"position\":1,\"name\":\"Home\",\"item\":\"http:\/\/www.hayenne.com\/pt\/\"},{\"@type\":\"ListItem\",\"position\":2,\"name\":\"Privacy Policy\"}]},{\"@type\":\"WebSite\",\"@id\":\"http:\/\/www.hayenne.com\/pt\/#website\",\"url\":\"http:\/\/www.hayenne.com\/pt\/\",\"name\":\"Hayenne | Modern Lifestyle & Culture\",\"description\":\"Hayenne is a global lifestyle platform exploring modern identity, wellness, fashion, beauty, relationships, and future living\u2014curated for men and women shaping a conscious, elegant, and forward-looking life.\",\"publisher\":{\"@id\":\"http:\/\/www.hayenne.com\/pt\/#organization\"},\"potentialAction\":[{\"@type\":\"SearchAction\",\"target\":{\"@type\":\"EntryPoint\",\"urlTemplate\":\"http:\/\/www.hayenne.com\/pt\/?s={search_term_string}\"},\"query-input\":{\"@type\":\"PropertyValueSpecification\",\"valueRequired\":true,\"valueName\":\"search_term_string\"}}],\"inLanguage\":\"fr-FR\"},{\"@type\":\"Organization\",\"@id\":\"http:\/\/www.hayenne.com\/pt\/#organization\",\"name\":\"Hayenne | Modern Lifestyle & Culture\",\"url\":\"http:\/\/www.hayenne.com\/pt\/\",\"logo\":{\"@type\":\"ImageObject\",\"inLanguage\":\"fr-FR\",\"@id\":\"http:\/\/www.hayenne.com\/pt\/#\/schema\/logo\/image\/\",\"url\":\"https:\/\/www.hayenne.com\/wp-content\/uploads\/2025\/12\/cropped-hayenne.jpg\",\"contentUrl\":\"https:\/\/www.hayenne.com\/wp-content\/uploads\/2025\/12\/cropped-hayenne.jpg\",\"width\":300,\"height\":60,\"caption\":\"Hayenne | Modern Lifestyle & Culture\"},\"image\":{\"@id\":\"http:\/\/www.hayenne.com\/pt\/#\/schema\/logo\/image\/\"}}]}<\/script>\n<!-- \/ Yoast SEO plugin. -->","yoast_head_json":{"title":"Politique de confidentialit\u00e9 - Hayenne | Mode de vie moderne et culture","robots":{"index":"index","follow":"follow","max-snippet":"max-snippet:-1","max-image-preview":"max-image-preview:large","max-video-preview":"max-video-preview:-1"},"canonical":"https:\/\/www.hayenne.com\/fr\/politique-de-confidentialite\/","og_locale":"fr_FR","og_type":"article","og_title":"Privacy Policy - Hayenne | Modern Lifestyle &amp; Culture","og_description":"Pricacy Policy of Hayenne","og_url":"https:\/\/www.hayenne.com\/fr\/politique-de-confidentialite\/","og_site_name":"Hayenne | Modern Lifestyle &amp; Culture","article_modified_time":"2025-12-23T22:51:53+00:00","twitter_card":"summary_large_image","twitter_misc":{"Dur\u00e9e de lecture estim\u00e9e":"3 minutes"},"schema":{"@context":"https:\/\/schema.org","@graph":[{"@type":"WebPage","@id":"https:\/\/www.hayenne.com\/pt\/politica-de-privacidade\/","url":"https:\/\/www.hayenne.com\/pt\/politica-de-privacidade\/","name":"Politique de confidentialit\u00e9 - Hayenne | Mode de vie moderne et culture","isPartOf":{"@id":"http:\/\/www.hayenne.com\/pt\/#website"},"datePublished":"2025-12-17T00:05:51+00:00","dateModified":"2025-12-23T22:51:53+00:00","breadcrumb":{"@id":"https:\/\/www.hayenne.com\/pt\/politica-de-privacidade\/#breadcrumb"},"inLanguage":"fr-FR","potentialAction":[{"@type":"ReadAction","target":["https:\/\/www.hayenne.com\/pt\/politica-de-privacidade\/"]}]},{"@type":"BreadcrumbList","@id":"https:\/\/www.hayenne.com\/pt\/politica-de-privacidade\/#breadcrumb","itemListElement":[{"@type":"ListItem","position":1,"name":"Home","item":"http:\/\/www.hayenne.com\/pt\/"},{"@type":"ListItem","position":2,"name":"Privacy Policy"}]},{"@type":"WebSite","@id":"http:\/\/www.hayenne.com\/pt\/#website","url":"http:\/\/www.hayenne.com\/pt\/","name":"Hayenne | Mode de vie moderne et culture","description":"Hayenne est une plateforme lifestyle internationale qui explore l'identit\u00e9 moderne, le bien-\u00eatre, la mode, la beaut\u00e9, les relations et la vie future. Elle s'adresse aux hommes et aux femmes qui souhaitent mener une vie consciente, \u00e9l\u00e9gante et tourn\u00e9e vers l'avenir.","publisher":{"@id":"http:\/\/www.hayenne.com\/pt\/#organization"},"potentialAction":[{"@type":"SearchAction","target":{"@type":"EntryPoint","urlTemplate":"http:\/\/www.hayenne.com\/pt\/?s={search_term_string}"},"query-input":{"@type":"PropertyValueSpecification","valueRequired":true,"valueName":"search_term_string"}}],"inLanguage":"fr-FR"},{"@type":"Organization","@id":"http:\/\/www.hayenne.com\/pt\/#organization","name":"Hayenne | Mode de vie moderne et culture","url":"http:\/\/www.hayenne.com\/pt\/","logo":{"@type":"ImageObject","inLanguage":"fr-FR","@id":"http:\/\/www.hayenne.com\/pt\/#\/schema\/logo\/image\/","url":"https:\/\/www.hayenne.com\/wp-content\/uploads\/2025\/12\/cropped-hayenne.jpg","contentUrl":"https:\/\/www.hayenne.com\/wp-content\/uploads\/2025\/12\/cropped-hayenne.jpg","width":300,"height":60,"caption":"Hayenne | Modern Lifestyle & Culture"},"image":{"@id":"http:\/\/www.hayenne.com\/pt\/#\/schema\/logo\/image\/"}}]}},"_links":{"self":[{"href":"https:\/\/www.hayenne.com\/fr\/wp-json\/wp\/v2\/pages\/3","targetHints":{"allow":["GET"]}}],"collection":[{"href":"https:\/\/www.hayenne.com\/fr\/wp-json\/wp\/v2\/pages"}],"about":[{"href":"https:\/\/www.hayenne.com\/fr\/wp-json\/wp\/v2\/types\/page"}],"author":[{"embeddable":true,"href":"https:\/\/www.hayenne.com\/fr\/wp-json\/wp\/v2\/users\/1"}],"replies":[{"embeddable":true,"href":"https:\/\/www.hayenne.com\/fr\/wp-json\/wp\/v2\/comments?post=3"}],"version-history":[{"count":4,"href":"https:\/\/www.hayenne.com\/fr\/wp-json\/wp\/v2\/pages\/3\/revisions"}],"predecessor-version":[{"id":1047,"href":"https:\/\/www.hayenne.com\/fr\/wp-json\/wp\/v2\/pages\/3\/revisions\/1047"}],"wp:attachment":[{"href":"https:\/\/www.hayenne.com\/fr\/wp-json\/wp\/v2\/media?parent=3"}],"curies":[{"name":"wp","href":"https:\/\/api.w.org\/{rel}","templated":true}]}}