{"id":3,"date":"2025-12-17T00:05:51","date_gmt":"2025-12-17T00:05:51","guid":{"rendered":"http:\/\/www.hayenne.com\/?page_id=3"},"modified":"2025-12-23T22:51:53","modified_gmt":"2025-12-23T22:51:53","slug":"polityka-prywatnosci","status":"publish","type":"page","link":"https:\/\/www.hayenne.com\/pl\/polityka-prywatnosci\/","title":{"rendered":"Polityka prywatno\u015bci"},"content":{"rendered":"<h2 class=\"wp-block-heading\"><\/h2>\n\n\n\n<p><strong>Data wej\u015bcia w \u017cycie<\/strong>: 01\/01\/2025<br><br>Niniejsza Polityka prywatno\u015bci opisuje, w jaki spos\u00f3b Hayenne (\u201cHayenne\u201d, \u201cmy\u201d, \u201cnas\u201d lub \u201cnasz\u201d) gromadzi, wykorzystuje i chroni dane osobowe w zwi\u0105zku z korzystaniem ze strony internetowej www.hayenne.com.<br>(\u201cWitryna internetowa\u201d).<\/p>\n\n\n\n<p>Hayenne zobowi\u0105zuje si\u0119 do zapewnienia ochrony danych osobowych zgodnie z obowi\u0105zuj\u0105cymi przepisami dotycz\u0105cymi ochrony danych, w tym og\u00f3lnym rozporz\u0105dzeniem o ochronie danych (RODO) UE, brytyjskim RODO oraz szwajcarsk\u0105 federaln\u0105 ustaw\u0105 o ochronie danych (FADP).<\/p>\n\n\n\n<p><strong>1. Administrator danych<\/strong><\/p>\n\n\n\n<p>Administratorem danych odpowiedzialnym za przetwarzanie danych osobowych zgodnie z niniejsz\u0105 Polityk\u0105 prywatno\u015bci jest:<\/p>\n\n\n\n<p>Hayenne: <strong>e-mail<\/strong>: info @ hayenne.com<\/p>\n\n\n\n<p><strong>2. Zakres stosowania<\/strong><\/p>\n\n\n\n<p>Niniejsza Polityka prywatno\u015bci dotyczy wszystkich os\u00f3b odwiedzaj\u0105cych i korzystaj\u0105cych z Witryny. Reguluje ona przetwarzanie danych osobowych gromadzonych za po\u015brednictwem Witryny, w tym podczas przegl\u0105dania tre\u015bci lub kontaktowania si\u0119 z Hayenne.<\/p>\n\n\n\n<p><strong>3. Kategorie danych osobowych<\/strong><\/p>\n\n\n\n<p>Hayenne mo\u017ce przetwarza\u0107 nast\u0119puj\u0105ce kategorie danych osobowych:<\/p>\n\n\n\n<p><strong>3.1 Dane przekazane przez u\u017cytkownik\u00f3w<\/strong><\/p>\n\n\n\n<p>Nazwa (je\u015bli podano)<br>Adres e-mail<br>Wszelkie informacje dobrowolnie zawarte w korespondencji wysy\u0142anej do Hayenne<\/p>\n\n\n\n<p><strong>3.2 Dane gromadzone automatycznie<\/strong><\/p>\n\n\n\n<p>Podczas odwiedzania strony internetowej niekt\u00f3re dane techniczne mog\u0105 by\u0107 zbierane automatycznie, w tym:<\/p>\n\n\n\n<ul class=\"wp-block-list\">\n<li>adres IP<\/li>\n\n\n\n<li>Typ i wersja przegl\u0105darki<\/li>\n\n\n\n<li>Informacje o urz\u0105dzeniu i systemie operacyjnym<\/li>\n\n\n\n<li>Data i godzina dost\u0119pu<\/li>\n\n\n\n<li>Odwiedzone strony i odsy\u0142aj\u0105ce adresy URL<\/li>\n<\/ul>\n\n\n\n<p><strong>4. Cele przetwarzania danych<\/strong><\/p>\n\n\n\n<p>Dane osobowe s\u0105 przetwarzane w nast\u0119puj\u0105cych celach:<\/p>\n\n\n\n<ul class=\"wp-block-list\">\n<li>Obs\u0142uga, administracja i utrzymanie strony internetowej<\/li>\n\n\n\n<li>Komunikacja z u\u017cytkownikami i odpowiadanie na pytania<\/li>\n\n\n\n<li>Zapewnienie bezpiecze\u0144stwa, stabilno\u015bci i prawid\u0142owego funkcjonowania Witryny internetowej<\/li>\n\n\n\n<li>Analiza statystyczna i poprawa wydajno\u015bci strony internetowej<\/li>\n\n\n\n<li>Zgodno\u015b\u0107 z obowi\u0105zkami prawnymi i regulacyjnymi<\/li>\n<\/ul>\n\n\n\n<p><strong>5. Podstawy prawne przetwarzania danych<\/strong><\/p>\n\n\n\n<p>Dane osobowe s\u0105 przetwarzane zgodnie z obowi\u0105zuj\u0105cym prawem na podstawie:<\/p>\n\n\n\n<ul class=\"wp-block-list\">\n<li>Zgoda u\u017cytkownika, je\u015bli jest wymagana<\/li>\n\n\n\n<li>Uzasadnione interesy realizowane przez Hayenne, w tym obs\u0142uga i ulepszanie Witryny internetowej<\/li>\n\n\n\n<li>Zgodno\u015b\u0107 z obowi\u0105zkami prawnymi<\/li>\n<\/ul>\n\n\n\n<p>Wykonanie czynno\u015bci wynikaj\u0105cych z umowy lub czynno\u015bci przedumownych, w stosownych przypadkach<\/p>\n\n\n\n<p><strong>6. Ujawnianie danych osobowych<\/strong><\/p>\n\n\n\n<ul class=\"wp-block-list\">\n<li>Dane osobowe nie s\u0105 sprzedawane ani wynajmowane.<\/li>\n\n\n\n<li>Dane osobowe mog\u0105 by\u0107 ujawniane osobom trzecim wy\u0142\u0105cznie w razie konieczno\u015bci, w tym:<\/li>\n\n\n\n<li>Dostawcy us\u0142ug hostingowych, CRM i IT<\/li>\n\n\n\n<li>Dostawcy us\u0142ug analityki stron internetowych<\/li>\n\n\n\n<li>Profesjonalni doradcy lub organy, je\u015bli jest to wymagane przez prawo<\/li>\n<\/ul>\n\n\n\n<p>Wszystkie strony trzecie s\u0105 zobowi\u0105zane do przetwarzania danych osobowych zgodnie z obowi\u0105zuj\u0105cymi przepisami o ochronie danych i odpowiednimi zabezpieczeniami.<\/p>\n\n\n\n<p><strong>7. Mi\u0119dzynarodowe transfery danych<\/strong><\/p>\n\n\n\n<p>Dane osobowe mog\u0105 by\u0107 przekazywane do kraj\u00f3w spoza Unii Europejskiej, Wielkiej Brytanii lub Szwajcarii i tam przetwarzane. W przypadku takiego przekazywania danych stosowane s\u0105 odpowiednie zabezpieczenia, w tym decyzje o adekwatno\u015bci, standardowe klauzule umowne lub inne zgodne z prawem mechanizmy przekazywania danych.<\/p>\n\n\n\n<p><strong>8. Przechowywanie danych<\/strong><\/p>\n\n\n\n<p>Dane osobowe s\u0105 przechowywane tylko tak d\u0142ugo, jak jest to konieczne do realizacji cel\u00f3w, dla kt\u00f3rych zosta\u0142y zebrane, chyba \u017ce d\u0142u\u017cszy okres przechowywania jest wymagany lub dozwolony przez prawo.<\/p>\n\n\n\n<p><strong>9. Pliki cookie i podobne technologie<\/strong><\/p>\n\n\n\n<p>Witryna internetowa mo\u017ce wykorzystywa\u0107 pliki cookie i podobne technologie w celu zapewnienia funkcjonalno\u015bci, analizowania ruchu i poprawy komfortu u\u017cytkowania. U\u017cytkownicy mog\u0105 zarz\u0105dza\u0107 preferencjami dotycz\u0105cymi plik\u00f3w cookie za pomoc\u0105 ustawie\u0144 przegl\u0105darki.<\/p>\n\n\n\n<p>Dodatkowe informacje mog\u0105 by\u0107 podane w osobnej Polityce plik\u00f3w cookie, je\u015bli to ma zastosowanie.<\/p>\n\n\n\n<p><strong>10. Bezpiecze\u0144stwo danych<\/strong><\/p>\n\n\n\n<p>Hayenne wdra\u017ca odpowiednie \u015brodki techniczne i organizacyjne w celu ochrony danych osobowych przed nieuprawnionym dost\u0119pem, utrat\u0105, zmian\u0105 lub ujawnieniem. Pomimo tych \u015brodk\u00f3w nie mo\u017cna zagwarantowa\u0107 ca\u0142kowitego bezpiecze\u0144stwa.<\/p>\n\n\n\n<p><strong>11. Prawa os\u00f3b, kt\u00f3rych dane dotycz\u0105<\/strong><\/p>\n\n\n\n<p>Zgodnie z obowi\u0105zuj\u0105cymi przepisami dotycz\u0105cymi ochrony danych u\u017cytkownicy maj\u0105 prawo do:<\/p>\n\n\n\n<ul class=\"wp-block-list\">\n<li>Dost\u0119p do swoich danych osobowych<\/li>\n\n\n\n<li>Wniosek o sprostowanie nieprawid\u0142owych danych<\/li>\n\n\n\n<li>Wniosek o usuni\u0119cie danych osobowych<\/li>\n\n\n\n<li>Wniosek o ograniczenie przetwarzania danych<\/li>\n\n\n\n<li>Sprzeciw wobec przetwarzania danych<\/li>\n\n\n\n<li>Wniosek o przeniesienie danych<\/li>\n\n\n\n<li>W ka\u017cdej chwili mo\u017cesz wycofa\u0107 zgod\u0119, je\u015bli przetwarzanie danych opiera si\u0119 na zgodzie.<\/li>\n<\/ul>\n\n\n\n<p>Wnioski mo\u017cna przesy\u0142a\u0107 na adres e-mail: info @ hayenne.com<\/p>\n\n\n\n<p><strong>12. Prawo do z\u0142o\u017cenia skargi<\/strong><\/p>\n\n\n\n<p>U\u017cytkownicy maj\u0105 prawo z\u0142o\u017cy\u0107 skarg\u0119 do w\u0142a\u015bciwego organu ochrony danych, w tym organu w UE, brytyjskiego urz\u0119du ds. ochrony danych (ICO) lub szwajcarskiego federalnego komisarza ds. ochrony danych i informacji (FDPIC).<\/p>\n\n\n\n<p><strong>13. Strony internetowe os\u00f3b trzecich<\/strong><\/p>\n\n\n\n<p>Witryna internetowa mo\u017ce zawiera\u0107 linki do stron internetowych os\u00f3b trzecich. Hayenne nie ponosi odpowiedzialno\u015bci za praktyki dotycz\u0105ce prywatno\u015bci ani tre\u015bci takich stron internetowych. Zach\u0119camy u\u017cytkownik\u00f3w do zapoznania si\u0119 z polityk\u0105 prywatno\u015bci os\u00f3b trzecich.<\/p>\n\n\n\n<p><strong>14. Zmiany<\/strong><\/p>\n\n\n\n<p>Hayenne zastrzega sobie prawo do zmiany niniejszej Polityki prywatno\u015bci w dowolnym momencie. Wszelkie zmiany zostan\u0105 opublikowane na stronie internetowej i zaczn\u0105 obowi\u0105zywa\u0107 z chwil\u0105 publikacji.<\/p>\n\n\n\n<p><strong>15. Kontakt<\/strong><\/p>\n\n\n\n<p>W przypadku pyta\u0144 lub wniosk\u00f3w dotycz\u0105cych niniejszej Polityki prywatno\u015bci lub przetwarzania danych osobowych prosimy o kontakt:<\/p>\n\n\n\n<p><strong>E-mail:<\/strong> info @ hayenne.com<\/p>","protected":false},"excerpt":{"rendered":"<p>Polityka prywatno\u015bci Hayenne<\/p>","protected":false},"author":1,"featured_media":0,"parent":0,"menu_order":0,"comment_status":"closed","ping_status":"open","template":"","meta":{"colormag_page_container_layout":"default_layout","colormag_page_sidebar_layout":"default_layout","footnotes":""},"class_list":["post-3","page","type-page","status-publish","hentry"],"yoast_head":"<!-- This site is optimized with the Yoast SEO plugin v26.7 - https:\/\/yoast.com\/wordpress\/plugins\/seo\/ -->\n<title>Privacy Policy - Hayenne | Modern Lifestyle &amp; Culture<\/title>\n<meta name=\"robots\" content=\"index, follow, max-snippet:-1, max-image-preview:large, max-video-preview:-1\" \/>\n<link rel=\"canonical\" href=\"https:\/\/www.hayenne.com\/pl\/polityka-prywatnosci\/\" \/>\n<meta property=\"og:locale\" content=\"pl_PL\" \/>\n<meta property=\"og:type\" content=\"article\" \/>\n<meta property=\"og:title\" content=\"Privacy Policy - Hayenne | Modern Lifestyle &amp; Culture\" \/>\n<meta property=\"og:description\" content=\"Pricacy Policy of Hayenne\" \/>\n<meta property=\"og:url\" content=\"https:\/\/www.hayenne.com\/pl\/polityka-prywatnosci\/\" \/>\n<meta property=\"og:site_name\" content=\"Hayenne | Modern Lifestyle &amp; Culture\" \/>\n<meta property=\"article:modified_time\" content=\"2025-12-23T22:51:53+00:00\" \/>\n<meta name=\"twitter:card\" content=\"summary_large_image\" \/>\n<meta name=\"twitter:label1\" content=\"Szacowany czas czytania\" \/>\n\t<meta name=\"twitter:data1\" content=\"3 minuty\" \/>\n<script type=\"application\/ld+json\" class=\"yoast-schema-graph\">{\"@context\":\"https:\/\/schema.org\",\"@graph\":[{\"@type\":\"WebPage\",\"@id\":\"https:\/\/www.hayenne.com\/pt\/politica-de-privacidade\/\",\"url\":\"https:\/\/www.hayenne.com\/pt\/politica-de-privacidade\/\",\"name\":\"Privacy Policy - Hayenne | Modern Lifestyle &amp; Culture\",\"isPartOf\":{\"@id\":\"http:\/\/www.hayenne.com\/pt\/#website\"},\"datePublished\":\"2025-12-17T00:05:51+00:00\",\"dateModified\":\"2025-12-23T22:51:53+00:00\",\"breadcrumb\":{\"@id\":\"https:\/\/www.hayenne.com\/pt\/politica-de-privacidade\/#breadcrumb\"},\"inLanguage\":\"pl-PL\",\"potentialAction\":[{\"@type\":\"ReadAction\",\"target\":[\"https:\/\/www.hayenne.com\/pt\/politica-de-privacidade\/\"]}]},{\"@type\":\"BreadcrumbList\",\"@id\":\"https:\/\/www.hayenne.com\/pt\/politica-de-privacidade\/#breadcrumb\",\"itemListElement\":[{\"@type\":\"ListItem\",\"position\":1,\"name\":\"Home\",\"item\":\"http:\/\/www.hayenne.com\/pt\/\"},{\"@type\":\"ListItem\",\"position\":2,\"name\":\"Privacy Policy\"}]},{\"@type\":\"WebSite\",\"@id\":\"http:\/\/www.hayenne.com\/pt\/#website\",\"url\":\"http:\/\/www.hayenne.com\/pt\/\",\"name\":\"Hayenne | Modern Lifestyle & Culture\",\"description\":\"Hayenne is a global lifestyle platform exploring modern identity, wellness, fashion, beauty, relationships, and future living\u2014curated for men and women shaping a conscious, elegant, and forward-looking life.\",\"publisher\":{\"@id\":\"http:\/\/www.hayenne.com\/pt\/#organization\"},\"potentialAction\":[{\"@type\":\"SearchAction\",\"target\":{\"@type\":\"EntryPoint\",\"urlTemplate\":\"http:\/\/www.hayenne.com\/pt\/?s={search_term_string}\"},\"query-input\":{\"@type\":\"PropertyValueSpecification\",\"valueRequired\":true,\"valueName\":\"search_term_string\"}}],\"inLanguage\":\"pl-PL\"},{\"@type\":\"Organization\",\"@id\":\"http:\/\/www.hayenne.com\/pt\/#organization\",\"name\":\"Hayenne | Modern Lifestyle & Culture\",\"url\":\"http:\/\/www.hayenne.com\/pt\/\",\"logo\":{\"@type\":\"ImageObject\",\"inLanguage\":\"pl-PL\",\"@id\":\"http:\/\/www.hayenne.com\/pt\/#\/schema\/logo\/image\/\",\"url\":\"https:\/\/www.hayenne.com\/wp-content\/uploads\/2025\/12\/cropped-hayenne.jpg\",\"contentUrl\":\"https:\/\/www.hayenne.com\/wp-content\/uploads\/2025\/12\/cropped-hayenne.jpg\",\"width\":300,\"height\":60,\"caption\":\"Hayenne | Modern Lifestyle & Culture\"},\"image\":{\"@id\":\"http:\/\/www.hayenne.com\/pt\/#\/schema\/logo\/image\/\"}}]}<\/script>\n<!-- \/ Yoast SEO plugin. -->","yoast_head_json":{"title":"Polityka prywatno\u015bci \u2013 Hayenne | Nowoczesny styl \u017cycia i kultura","robots":{"index":"index","follow":"follow","max-snippet":"max-snippet:-1","max-image-preview":"max-image-preview:large","max-video-preview":"max-video-preview:-1"},"canonical":"https:\/\/www.hayenne.com\/pl\/polityka-prywatnosci\/","og_locale":"pl_PL","og_type":"article","og_title":"Privacy Policy - Hayenne | Modern Lifestyle &amp; Culture","og_description":"Pricacy Policy of Hayenne","og_url":"https:\/\/www.hayenne.com\/pl\/polityka-prywatnosci\/","og_site_name":"Hayenne | Modern Lifestyle &amp; Culture","article_modified_time":"2025-12-23T22:51:53+00:00","twitter_card":"summary_large_image","twitter_misc":{"Szacowany czas czytania":"3 minuty"},"schema":{"@context":"https:\/\/schema.org","@graph":[{"@type":"WebPage","@id":"https:\/\/www.hayenne.com\/pt\/politica-de-privacidade\/","url":"https:\/\/www.hayenne.com\/pt\/politica-de-privacidade\/","name":"Polityka prywatno\u015bci \u2013 Hayenne | Nowoczesny styl \u017cycia i kultura","isPartOf":{"@id":"http:\/\/www.hayenne.com\/pt\/#website"},"datePublished":"2025-12-17T00:05:51+00:00","dateModified":"2025-12-23T22:51:53+00:00","breadcrumb":{"@id":"https:\/\/www.hayenne.com\/pt\/politica-de-privacidade\/#breadcrumb"},"inLanguage":"pl-PL","potentialAction":[{"@type":"ReadAction","target":["https:\/\/www.hayenne.com\/pt\/politica-de-privacidade\/"]}]},{"@type":"BreadcrumbList","@id":"https:\/\/www.hayenne.com\/pt\/politica-de-privacidade\/#breadcrumb","itemListElement":[{"@type":"ListItem","position":1,"name":"Home","item":"http:\/\/www.hayenne.com\/pt\/"},{"@type":"ListItem","position":2,"name":"Privacy Policy"}]},{"@type":"WebSite","@id":"http:\/\/www.hayenne.com\/pt\/#website","url":"http:\/\/www.hayenne.com\/pt\/","name":"Hayenne | Nowoczesny styl \u017cycia i kultura","description":"Hayenne to globalna platforma lifestyle'owa po\u015bwi\u0119cona wsp\u00f3\u0142czesnej to\u017csamo\u015bci, zdrowiu, modzie, urodzie, relacjom i przysz\u0142o\u015bci \u2013 stworzona z my\u015bl\u0105 o kobietach i m\u0119\u017cczyznach, kt\u00f3rzy chc\u0105 \u015bwiadomie kszta\u0142towa\u0107 swoje \u017cycie, dbaj\u0105c o elegancj\u0119 i przysz\u0142o\u015bciowe podej\u015bcie.","publisher":{"@id":"http:\/\/www.hayenne.com\/pt\/#organization"},"potentialAction":[{"@type":"SearchAction","target":{"@type":"EntryPoint","urlTemplate":"http:\/\/www.hayenne.com\/pt\/?s={search_term_string}"},"query-input":{"@type":"PropertyValueSpecification","valueRequired":true,"valueName":"search_term_string"}}],"inLanguage":"pl-PL"},{"@type":"Organization","@id":"http:\/\/www.hayenne.com\/pt\/#organization","name":"Hayenne | Nowoczesny styl \u017cycia i kultura","url":"http:\/\/www.hayenne.com\/pt\/","logo":{"@type":"ImageObject","inLanguage":"pl-PL","@id":"http:\/\/www.hayenne.com\/pt\/#\/schema\/logo\/image\/","url":"https:\/\/www.hayenne.com\/wp-content\/uploads\/2025\/12\/cropped-hayenne.jpg","contentUrl":"https:\/\/www.hayenne.com\/wp-content\/uploads\/2025\/12\/cropped-hayenne.jpg","width":300,"height":60,"caption":"Hayenne | Modern Lifestyle & Culture"},"image":{"@id":"http:\/\/www.hayenne.com\/pt\/#\/schema\/logo\/image\/"}}]}},"_links":{"self":[{"href":"https:\/\/www.hayenne.com\/pl\/wp-json\/wp\/v2\/pages\/3","targetHints":{"allow":["GET"]}}],"collection":[{"href":"https:\/\/www.hayenne.com\/pl\/wp-json\/wp\/v2\/pages"}],"about":[{"href":"https:\/\/www.hayenne.com\/pl\/wp-json\/wp\/v2\/types\/page"}],"author":[{"embeddable":true,"href":"https:\/\/www.hayenne.com\/pl\/wp-json\/wp\/v2\/users\/1"}],"replies":[{"embeddable":true,"href":"https:\/\/www.hayenne.com\/pl\/wp-json\/wp\/v2\/comments?post=3"}],"version-history":[{"count":4,"href":"https:\/\/www.hayenne.com\/pl\/wp-json\/wp\/v2\/pages\/3\/revisions"}],"predecessor-version":[{"id":1047,"href":"https:\/\/www.hayenne.com\/pl\/wp-json\/wp\/v2\/pages\/3\/revisions\/1047"}],"wp:attachment":[{"href":"https:\/\/www.hayenne.com\/pl\/wp-json\/wp\/v2\/media?parent=3"}],"curies":[{"name":"wp","href":"https:\/\/api.w.org\/{rel}","templated":true}]}}