{"id":3,"date":"2025-12-17T00:05:51","date_gmt":"2025-12-17T00:05:51","guid":{"rendered":"http:\/\/www.hayenne.com\/?page_id=3"},"modified":"2025-12-23T22:51:53","modified_gmt":"2025-12-23T22:51:53","slug":"politica-de-privacidade","status":"publish","type":"page","link":"https:\/\/www.hayenne.com\/pt\/politica-de-privacidade\/","title":{"rendered":"Pol\u00edtica de Privacidade"},"content":{"rendered":"<h2 class=\"wp-block-heading\"><\/h2>\n\n\n\n<p><strong>Data de vig\u00eancia<\/strong>: 01\/01\/2025<br><br>Esta Pol\u00edtica de Privacidade descreve como a Hayenne (\u201cHayenne\u201d, \u201cn\u00f3s\u201d, \u201cnos\u201d ou \u201cnosso\u201d) coleta, usa e protege os dados pessoais relacionados ao uso do site www.hayenne.com.<br>(o \u201cSite\u201d).<\/p>\n\n\n\n<p>A Hayenne est\u00e1 comprometida em garantir a prote\u00e7\u00e3o dos dados pessoais de acordo com as leis de prote\u00e7\u00e3o de dados aplic\u00e1veis, incluindo o Regulamento Geral sobre a Prote\u00e7\u00e3o de Dados (RGPD) da UE, o RGPD do Reino Unido e a Lei Federal Su\u00ed\u00e7a sobre Prote\u00e7\u00e3o de Dados (FADP).<\/p>\n\n\n\n<p><strong>1. Controlador de dados<\/strong><\/p>\n\n\n\n<p>O respons\u00e1vel pelo tratamento dos dados pessoais ao abrigo da presente Pol\u00edtica de Privacidade \u00e9:<\/p>\n\n\n\n<p>Hayenne: <strong>e-mail<\/strong>: info @ hayenne.com<\/p>\n\n\n\n<p><strong>2. \u00c2mbito de aplica\u00e7\u00e3o<\/strong><\/p>\n\n\n\n<p>Esta Pol\u00edtica de Privacidade aplica-se a todos os visitantes e usu\u00e1rios do site. Ela rege o tratamento dos dados pessoais coletados atrav\u00e9s do site, incluindo quando os usu\u00e1rios navegam pelo conte\u00fado ou entram em contato com a Hayenne.<\/p>\n\n\n\n<p><strong>3. Categorias de dados pessoais<\/strong><\/p>\n\n\n\n<p>A Hayenne pode processar as seguintes categorias de dados pessoais:<\/p>\n\n\n\n<p><strong>3.1 Dados fornecidos pelos usu\u00e1rios<\/strong><\/p>\n\n\n\n<p>Nome (se fornecido)<br>Endere\u00e7o de e-mail<br>Quaisquer informa\u00e7\u00f5es inclu\u00eddas voluntariamente nas comunica\u00e7\u00f5es enviadas \u00e0 Hayenne<\/p>\n\n\n\n<p><strong>3.2 Dados coletados automaticamente<\/strong><\/p>\n\n\n\n<p>Ao acessar o site, certos dados t\u00e9cnicos podem ser coletados automaticamente, incluindo:<\/p>\n\n\n\n<ul class=\"wp-block-list\">\n<li>endere\u00e7o IP<\/li>\n\n\n\n<li>Tipo e vers\u00e3o do navegador<\/li>\n\n\n\n<li>Informa\u00e7\u00f5es sobre o dispositivo e o sistema operacional<\/li>\n\n\n\n<li>Data e hora do acesso<\/li>\n\n\n\n<li>P\u00e1ginas visitadas e URLs de refer\u00eancia<\/li>\n<\/ul>\n\n\n\n<p><strong>4. Finalidades do tratamento<\/strong><\/p>\n\n\n\n<p>Os dados pessoais s\u00e3o tratados para as seguintes finalidades:<\/p>\n\n\n\n<ul class=\"wp-block-list\">\n<li>Opera\u00e7\u00e3o, administra\u00e7\u00e3o e manuten\u00e7\u00e3o do site<\/li>\n\n\n\n<li>Comunica\u00e7\u00e3o com os usu\u00e1rios e resposta a perguntas<\/li>\n\n\n\n<li>Garantir a seguran\u00e7a, a estabilidade e o funcionamento adequado do site<\/li>\n\n\n\n<li>An\u00e1lise estat\u00edstica e melhoria do desempenho do site<\/li>\n\n\n\n<li>Conformidade com as obriga\u00e7\u00f5es legais e regulamentares<\/li>\n<\/ul>\n\n\n\n<p><strong>5. Bases jur\u00eddicas para o tratamento<\/strong><\/p>\n\n\n\n<p>Os dados pessoais s\u00e3o processados de acordo com a legisla\u00e7\u00e3o aplic\u00e1vel com base em:<\/p>\n\n\n\n<ul class=\"wp-block-list\">\n<li>Consentimento do usu\u00e1rio, quando necess\u00e1rio<\/li>\n\n\n\n<li>Interesses leg\u00edtimos perseguidos pela Hayenne, incluindo a opera\u00e7\u00e3o e melhoria do Website<\/li>\n\n\n\n<li>Cumprimento das obriga\u00e7\u00f5es legais<\/li>\n<\/ul>\n\n\n\n<p>Execu\u00e7\u00e3o de medidas contratuais ou pr\u00e9-contratuais, quando aplic\u00e1vel<\/p>\n\n\n\n<p><strong>6. Divulga\u00e7\u00e3o de dados pessoais<\/strong><\/p>\n\n\n\n<ul class=\"wp-block-list\">\n<li>Os dados pessoais n\u00e3o s\u00e3o vendidos nem alugados.<\/li>\n\n\n\n<li>Os dados pessoais s\u00f3 podem ser divulgados a terceiros quando necess\u00e1rio, incluindo:<\/li>\n\n\n\n<li>Provedores de servi\u00e7os de hospedagem, CRM e TI<\/li>\n\n\n\n<li>Provedores de an\u00e1lise de sites<\/li>\n\n\n\n<li>Consultores profissionais ou autoridades, quando exigido por lei<\/li>\n<\/ul>\n\n\n\n<p>Todos os terceiros s\u00e3o obrigados a processar dados pessoais em conformidade com as leis de prote\u00e7\u00e3o de dados aplic\u00e1veis e as salvaguardas apropriadas.<\/p>\n\n\n\n<p><strong>7. Transfer\u00eancias internacionais de dados<\/strong><\/p>\n\n\n\n<p>Os dados pessoais podem ser transferidos e processados em pa\u00edses fora da Uni\u00e3o Europeia, do Reino Unido ou da Su\u00ed\u00e7a. Quando essas transfer\u00eancias ocorrem, s\u00e3o implementadas salvaguardas adequadas, incluindo decis\u00f5es de adequa\u00e7\u00e3o, cl\u00e1usulas contratuais padr\u00e3o ou outros mecanismos de transfer\u00eancia legais.<\/p>\n\n\n\n<p><strong>8. Reten\u00e7\u00e3o de dados<\/strong><\/p>\n\n\n\n<p>Os dados pessoais s\u00e3o mantidos apenas pelo tempo necess\u00e1rio para cumprir os objetivos para os quais foram coletados, a menos que um per\u00edodo de reten\u00e7\u00e3o mais longo seja exigido ou permitido por lei.<\/p>\n\n\n\n<p><strong>9. Cookies e tecnologias semelhantes<\/strong><\/p>\n\n\n\n<p>O site pode utilizar cookies e tecnologias semelhantes para garantir a funcionalidade, analisar o tr\u00e1fego e melhorar a experi\u00eancia do usu\u00e1rio. Os usu\u00e1rios podem gerenciar as prefer\u00eancias de cookies atrav\u00e9s das configura\u00e7\u00f5es do seu navegador.<\/p>\n\n\n\n<p>Informa\u00e7\u00f5es adicionais podem ser fornecidas em uma Pol\u00edtica de Cookies separada, quando aplic\u00e1vel.<\/p>\n\n\n\n<p><strong>10. Seguran\u00e7a dos dados<\/strong><\/p>\n\n\n\n<p>A Hayenne implementa medidas t\u00e9cnicas e organizacionais adequadas para proteger os dados pessoais contra acesso n\u00e3o autorizado, perda, altera\u00e7\u00e3o ou divulga\u00e7\u00e3o. Apesar dessas medidas, n\u00e3o \u00e9 poss\u00edvel garantir seguran\u00e7a absoluta.<\/p>\n\n\n\n<p><strong>11. Direitos do titular dos dados<\/strong><\/p>\n\n\n\n<p>De acordo com as leis de prote\u00e7\u00e3o de dados aplic\u00e1veis, os usu\u00e1rios t\u00eam o direito de:<\/p>\n\n\n\n<ul class=\"wp-block-list\">\n<li>Acessar seus dados pessoais<\/li>\n\n\n\n<li>Solicitar a retifica\u00e7\u00e3o de dados imprecisos<\/li>\n\n\n\n<li>Solicitar a elimina\u00e7\u00e3o de dados pessoais<\/li>\n\n\n\n<li>Solicitar restri\u00e7\u00e3o do processamento<\/li>\n\n\n\n<li>Obje\u00e7\u00e3o ao processamento<\/li>\n\n\n\n<li>Solicitar portabilidade de dados<\/li>\n\n\n\n<li>Retirar o consentimento a qualquer momento, quando o processamento se basear no consentimento<\/li>\n<\/ul>\n\n\n\n<p>As solicita\u00e7\u00f5es podem ser enviadas para o e-mail: info@hayenne.com<\/p>\n\n\n\n<p><strong>12. Direito de apresentar uma reclama\u00e7\u00e3o<\/strong><\/p>\n\n\n\n<p>Os usu\u00e1rios t\u00eam o direito de apresentar uma reclama\u00e7\u00e3o a uma autoridade competente em mat\u00e9ria de prote\u00e7\u00e3o de dados, incluindo uma autoridade na UE, o Gabinete do Comiss\u00e1rio de Informa\u00e7\u00e3o do Reino Unido (ICO) ou o Comiss\u00e1rio Federal Su\u00ed\u00e7o para a Prote\u00e7\u00e3o de Dados e Informa\u00e7\u00e3o (FDPIC).<\/p>\n\n\n\n<p><strong>13. Sites de terceiros<\/strong><\/p>\n\n\n\n<p>O site pode conter links para sites de terceiros. A Hayenne n\u00e3o se responsabiliza pelas pr\u00e1ticas de privacidade ou pelo conte\u00fado desses sites. Recomenda-se aos usu\u00e1rios que consultem as pol\u00edticas de privacidade de terceiros.<\/p>\n\n\n\n<p><strong>14. Altera\u00e7\u00f5es<\/strong><\/p>\n\n\n\n<p>A Hayenne reserva-se o direito de alterar esta Pol\u00edtica de Privacidade a qualquer momento. Quaisquer altera\u00e7\u00f5es ser\u00e3o publicadas no site e entrar\u00e3o em vigor ap\u00f3s a publica\u00e7\u00e3o.<\/p>\n\n\n\n<p><strong>15. Contato<\/strong><\/p>\n\n\n\n<p>Para perguntas ou solicita\u00e7\u00f5es relacionadas a esta Pol\u00edtica de Privacidade ou ao processamento de dados pessoais, entre em contato com:<\/p>\n\n\n\n<p><strong>E-mail:<\/strong> informa\u00e7\u00f5es @ hayenne.com<\/p>","protected":false},"excerpt":{"rendered":"<p>Pol\u00edtica de Privacidade da Hayenne<\/p>","protected":false},"author":1,"featured_media":0,"parent":0,"menu_order":0,"comment_status":"closed","ping_status":"open","template":"","meta":{"colormag_page_container_layout":"default_layout","colormag_page_sidebar_layout":"default_layout","footnotes":""},"class_list":["post-3","page","type-page","status-publish","hentry"],"yoast_head":"<!-- This site is optimized with the Yoast SEO plugin v26.7 - https:\/\/yoast.com\/wordpress\/plugins\/seo\/ -->\n<title>Privacy Policy - Hayenne | Modern Lifestyle &amp; Culture<\/title>\n<meta name=\"robots\" content=\"index, follow, max-snippet:-1, max-image-preview:large, max-video-preview:-1\" \/>\n<link rel=\"canonical\" href=\"https:\/\/www.hayenne.com\/pt\/politica-de-privacidade\/\" \/>\n<meta property=\"og:locale\" content=\"pt_BR\" \/>\n<meta property=\"og:type\" content=\"article\" \/>\n<meta property=\"og:title\" content=\"Privacy Policy - Hayenne | Modern Lifestyle &amp; Culture\" \/>\n<meta property=\"og:description\" content=\"Pricacy Policy of Hayenne\" \/>\n<meta property=\"og:url\" content=\"https:\/\/www.hayenne.com\/pt\/politica-de-privacidade\/\" \/>\n<meta property=\"og:site_name\" content=\"Hayenne | Modern Lifestyle &amp; Culture\" \/>\n<meta property=\"article:modified_time\" content=\"2025-12-23T22:51:53+00:00\" \/>\n<meta name=\"twitter:card\" content=\"summary_large_image\" \/>\n<meta name=\"twitter:label1\" content=\"Est. tempo de leitura\" \/>\n\t<meta name=\"twitter:data1\" content=\"3 minutos\" \/>\n<script type=\"application\/ld+json\" class=\"yoast-schema-graph\">{\"@context\":\"https:\/\/schema.org\",\"@graph\":[{\"@type\":\"WebPage\",\"@id\":\"https:\/\/www.hayenne.com\/pt\/politica-de-privacidade\/\",\"url\":\"https:\/\/www.hayenne.com\/pt\/politica-de-privacidade\/\",\"name\":\"Privacy Policy - Hayenne | Modern Lifestyle &amp; Culture\",\"isPartOf\":{\"@id\":\"http:\/\/www.hayenne.com\/pt\/#website\"},\"datePublished\":\"2025-12-17T00:05:51+00:00\",\"dateModified\":\"2025-12-23T22:51:53+00:00\",\"breadcrumb\":{\"@id\":\"https:\/\/www.hayenne.com\/pt\/politica-de-privacidade\/#breadcrumb\"},\"inLanguage\":\"pt-BR\",\"potentialAction\":[{\"@type\":\"ReadAction\",\"target\":[\"https:\/\/www.hayenne.com\/pt\/politica-de-privacidade\/\"]}]},{\"@type\":\"BreadcrumbList\",\"@id\":\"https:\/\/www.hayenne.com\/pt\/politica-de-privacidade\/#breadcrumb\",\"itemListElement\":[{\"@type\":\"ListItem\",\"position\":1,\"name\":\"Home\",\"item\":\"http:\/\/www.hayenne.com\/pt\/\"},{\"@type\":\"ListItem\",\"position\":2,\"name\":\"Privacy Policy\"}]},{\"@type\":\"WebSite\",\"@id\":\"http:\/\/www.hayenne.com\/pt\/#website\",\"url\":\"http:\/\/www.hayenne.com\/pt\/\",\"name\":\"Hayenne | Modern Lifestyle & Culture\",\"description\":\"Hayenne is a global lifestyle platform exploring modern identity, wellness, fashion, beauty, relationships, and future living\u2014curated for men and women shaping a conscious, elegant, and forward-looking life.\",\"publisher\":{\"@id\":\"http:\/\/www.hayenne.com\/pt\/#organization\"},\"potentialAction\":[{\"@type\":\"SearchAction\",\"target\":{\"@type\":\"EntryPoint\",\"urlTemplate\":\"http:\/\/www.hayenne.com\/pt\/?s={search_term_string}\"},\"query-input\":{\"@type\":\"PropertyValueSpecification\",\"valueRequired\":true,\"valueName\":\"search_term_string\"}}],\"inLanguage\":\"pt-BR\"},{\"@type\":\"Organization\",\"@id\":\"http:\/\/www.hayenne.com\/pt\/#organization\",\"name\":\"Hayenne | Modern Lifestyle & Culture\",\"url\":\"http:\/\/www.hayenne.com\/pt\/\",\"logo\":{\"@type\":\"ImageObject\",\"inLanguage\":\"pt-BR\",\"@id\":\"http:\/\/www.hayenne.com\/pt\/#\/schema\/logo\/image\/\",\"url\":\"https:\/\/www.hayenne.com\/wp-content\/uploads\/2025\/12\/cropped-hayenne.jpg\",\"contentUrl\":\"https:\/\/www.hayenne.com\/wp-content\/uploads\/2025\/12\/cropped-hayenne.jpg\",\"width\":300,\"height\":60,\"caption\":\"Hayenne | Modern Lifestyle & Culture\"},\"image\":{\"@id\":\"http:\/\/www.hayenne.com\/pt\/#\/schema\/logo\/image\/\"}}]}<\/script>\n<!-- \/ Yoast SEO plugin. -->","yoast_head_json":{"title":"Pol\u00edtica de Privacidade - Hayenne | Estilo de Vida e Cultura Modernos","robots":{"index":"index","follow":"follow","max-snippet":"max-snippet:-1","max-image-preview":"max-image-preview:large","max-video-preview":"max-video-preview:-1"},"canonical":"https:\/\/www.hayenne.com\/pt\/politica-de-privacidade\/","og_locale":"pt_BR","og_type":"article","og_title":"Privacy Policy - Hayenne | Modern Lifestyle &amp; Culture","og_description":"Pricacy Policy of Hayenne","og_url":"https:\/\/www.hayenne.com\/pt\/politica-de-privacidade\/","og_site_name":"Hayenne | Modern Lifestyle &amp; Culture","article_modified_time":"2025-12-23T22:51:53+00:00","twitter_card":"summary_large_image","twitter_misc":{"Est. tempo de leitura":"3 minutos"},"schema":{"@context":"https:\/\/schema.org","@graph":[{"@type":"WebPage","@id":"https:\/\/www.hayenne.com\/pt\/politica-de-privacidade\/","url":"https:\/\/www.hayenne.com\/pt\/politica-de-privacidade\/","name":"Pol\u00edtica de Privacidade - Hayenne | Estilo de Vida e Cultura Modernos","isPartOf":{"@id":"http:\/\/www.hayenne.com\/pt\/#website"},"datePublished":"2025-12-17T00:05:51+00:00","dateModified":"2025-12-23T22:51:53+00:00","breadcrumb":{"@id":"https:\/\/www.hayenne.com\/pt\/politica-de-privacidade\/#breadcrumb"},"inLanguage":"pt-BR","potentialAction":[{"@type":"ReadAction","target":["https:\/\/www.hayenne.com\/pt\/politica-de-privacidade\/"]}]},{"@type":"BreadcrumbList","@id":"https:\/\/www.hayenne.com\/pt\/politica-de-privacidade\/#breadcrumb","itemListElement":[{"@type":"ListItem","position":1,"name":"Home","item":"http:\/\/www.hayenne.com\/pt\/"},{"@type":"ListItem","position":2,"name":"Privacy Policy"}]},{"@type":"WebSite","@id":"http:\/\/www.hayenne.com\/pt\/#website","url":"http:\/\/www.hayenne.com\/pt\/","name":"Hayenne | Estilo de vida e cultura modernos","description":"Hayenne \u00e9 uma plataforma global de estilo de vida que explora identidade moderna, bem-estar, moda, beleza, relacionamentos e vida futura \u2014 criada para homens e mulheres que buscam uma vida consciente, elegante e voltada para o futuro.","publisher":{"@id":"http:\/\/www.hayenne.com\/pt\/#organization"},"potentialAction":[{"@type":"SearchAction","target":{"@type":"EntryPoint","urlTemplate":"http:\/\/www.hayenne.com\/pt\/?s={search_term_string}"},"query-input":{"@type":"PropertyValueSpecification","valueRequired":true,"valueName":"search_term_string"}}],"inLanguage":"pt-BR"},{"@type":"Organization","@id":"http:\/\/www.hayenne.com\/pt\/#organization","name":"Hayenne | Estilo de vida e cultura modernos","url":"http:\/\/www.hayenne.com\/pt\/","logo":{"@type":"ImageObject","inLanguage":"pt-BR","@id":"http:\/\/www.hayenne.com\/pt\/#\/schema\/logo\/image\/","url":"https:\/\/www.hayenne.com\/wp-content\/uploads\/2025\/12\/cropped-hayenne.jpg","contentUrl":"https:\/\/www.hayenne.com\/wp-content\/uploads\/2025\/12\/cropped-hayenne.jpg","width":300,"height":60,"caption":"Hayenne | Modern Lifestyle & Culture"},"image":{"@id":"http:\/\/www.hayenne.com\/pt\/#\/schema\/logo\/image\/"}}]}},"_links":{"self":[{"href":"https:\/\/www.hayenne.com\/pt\/wp-json\/wp\/v2\/pages\/3","targetHints":{"allow":["GET"]}}],"collection":[{"href":"https:\/\/www.hayenne.com\/pt\/wp-json\/wp\/v2\/pages"}],"about":[{"href":"https:\/\/www.hayenne.com\/pt\/wp-json\/wp\/v2\/types\/page"}],"author":[{"embeddable":true,"href":"https:\/\/www.hayenne.com\/pt\/wp-json\/wp\/v2\/users\/1"}],"replies":[{"embeddable":true,"href":"https:\/\/www.hayenne.com\/pt\/wp-json\/wp\/v2\/comments?post=3"}],"version-history":[{"count":4,"href":"https:\/\/www.hayenne.com\/pt\/wp-json\/wp\/v2\/pages\/3\/revisions"}],"predecessor-version":[{"id":1047,"href":"https:\/\/www.hayenne.com\/pt\/wp-json\/wp\/v2\/pages\/3\/revisions\/1047"}],"wp:attachment":[{"href":"https:\/\/www.hayenne.com\/pt\/wp-json\/wp\/v2\/media?parent=3"}],"curies":[{"name":"wp","href":"https:\/\/api.w.org\/{rel}","templated":true}]}}