{"id":737,"date":"2025-12-23T22:39:39","date_gmt":"2025-12-23T22:39:39","guid":{"rendered":"https:\/\/themegrilldemos.com\/colormag-pro-fashion\/?page_id=737"},"modified":"2025-12-23T22:39:39","modified_gmt":"2025-12-23T22:39:39","slug":"podmienky","status":"publish","type":"page","link":"https:\/\/www.hayenne.com\/sk\/podmienky\/","title":{"rendered":"Obchodn\u00e9 podmienky"},"content":{"rendered":"<p><strong>D\u00e1tum nadobudnutia \u00fa\u010dinnosti<\/strong>: 01\/01\/2026<\/p>\n\n\n\n<p>Tieto podmienky (\u201cpodmienky\u201d) upravuj\u00fa pr\u00edstup k webovej str\u00e1nke www.hayenne.com a jej pou\u017e\u00edvanie.<br>(\u010falej len \u201cwebov\u00e1 str\u00e1nka\u201d), prev\u00e1dzkovan\u00e1 spolo\u010dnos\u0165ou Hayenne (\u201cHayenne\u201d, \u201cmy\u201d, \u201cn\u00e1s\u201d alebo \u201cn\u00e1\u0161\u201d). Pr\u00edstupom na webov\u00fa str\u00e1nku alebo jej pou\u017e\u00edvan\u00edm potvrdzujete, \u017ee ste si pre\u010d\u00edtali, porozumeli a s\u00fahlas\u00edte s t\u00fdm, \u017ee ste pr\u00e1vne viazan\u00ed t\u00fdmito podmienkami. Ak s t\u00fdmito podmienkami nes\u00fahlas\u00edte, nesmiete pristupova\u0165 na webov\u00fa str\u00e1nku ani ju pou\u017e\u00edva\u0165.<br><br><strong>1. Povaha webovej str\u00e1nky<\/strong><\/p>\n\n\n\n<p>Hayenne je glob\u00e1lny online magaz\u00edn, ktor\u00fd poskytuje redak\u010dn\u00fd a informa\u010dn\u00fd obsah t\u00fdkaj\u00faci sa \u017eivotn\u00e9ho \u0161t\u00fdlu, wellness, m\u00f3dy, kr\u00e1sy, kult\u00fary a \u017eivota v bud\u00facnosti. Webov\u00e1 str\u00e1nka je pou\u017e\u00edvate\u013eom k dispoz\u00edcii bezplatne.<br>V\u0161etok obsah je poskytovan\u00fd v\u00fdhradne na v\u0161eobecn\u00e9 informa\u010dn\u00e9 a redak\u010dn\u00e9 \u00fa\u010dely.<br><br><strong>2. Opr\u00e1vnenos\u0165 a pr\u00e1vna sp\u00f4sobilos\u0165<\/strong><\/p>\n\n\n\n<ol start=\"2\" class=\"wp-block-list\"><\/ol>\n\n\n\n<p>Vyhlasujete a zaru\u010dujete, \u017ee m\u00e1te pr\u00e1vnu sp\u00f4sobilos\u0165 uzatv\u00e1ra\u0165 z\u00e1v\u00e4zn\u00e9 zmluvy pod\u013ea platn\u00fdch pr\u00e1vnych predpisov. Ak pristupujete na webov\u00fa str\u00e1nku alebo ju pou\u017e\u00edvate v mene pr\u00e1vnickej osoby, potvrdzujete, \u017ee ste riadne opr\u00e1vnen\u00ed zav\u00e4zova\u0165 t\u00fato pr\u00e1vnick\u00fa osobu t\u00fdmito podmienkami.<br><br><strong>3. Pr\u00e1va du\u0161evn\u00e9ho vlastn\u00edctva<\/strong><\/p>\n\n\n\n<ol start=\"3\" class=\"wp-block-list\"><\/ol>\n\n\n\n<p>V\u0161etok obsah uverejnen\u00fd alebo spr\u00edstupnen\u00fd na webovej str\u00e1nke, vr\u00e1tane, ale nie v\u00fdlu\u010dne, \u010dl\u00e1nkov, textov, obr\u00e1zkov, fotografi\u00ed, ilustr\u00e1ci\u00ed, grafiky, log, rozlo\u017eenia, dizajnov\u00fdch prvkov a audiovizu\u00e1lnych materi\u00e1lov (spolo\u010dne \u201cobsah\u201d), je chr\u00e1nen\u00fd autorsk\u00fdmi pr\u00e1vami, ochrann\u00fdmi zn\u00e1mkami a in\u00fdmi z\u00e1konmi o du\u0161evnom vlastn\u00edctve.<\/p>\n\n\n\n<p>Pokia\u013e nie je uveden\u00e9 inak, obsah je vlastn\u00edctvom spolo\u010dnosti Hayenne alebo je licencovan\u00fd spolo\u010dnosti Hayenne. Pou\u017e\u00edvate\u013eom nie s\u00fa udelen\u00e9 \u017eiadne pr\u00e1va ani licencie s v\u00fdnimkou obmedzenej, nev\u00fdhradnej, neprevodite\u013enej a odvolate\u013enej licencie na pr\u00edstup a prezeranie obsahu pre osobn\u00e9, nekomer\u010dn\u00e9 pou\u017eitie.<\/p>\n\n\n\n<p>Ak\u00e9ko\u013evek reprodukovanie, distrib\u00facia, \u00faprava, op\u00e4tovn\u00e9 uverejnenie, verejn\u00e9 zobrazovanie alebo komer\u010dn\u00e9 vyu\u017e\u00edvanie obsahu bez predch\u00e1dzaj\u00faceho p\u00edsomn\u00e9ho s\u00fahlasu spolo\u010dnosti Hayenne je pr\u00edsne zak\u00e1zan\u00e9.<br><br><strong>4. Obr\u00e1zky a vizu\u00e1lny obsah<\/strong><\/p>\n\n\n\n<ol start=\"4\" class=\"wp-block-list\"><\/ol>\n\n\n\n<p>Spolo\u010dnos\u0165 Hayenne vynaklad\u00e1 primeran\u00e9 \u00fasilie na to, aby v\u0161etky obr\u00e1zky, fotografie, ilustr\u00e1cie a vizu\u00e1lne materi\u00e1ly uverejnen\u00e9 na webovej str\u00e1nke boli bez licen\u010dn\u00fdch poplatkov, mali riadnu licenciu alebo poch\u00e1dzali od renomovan\u00fdch poskytovate\u013eov obr\u00e1zkov, vr\u00e1tane, ale nie v\u00fdlu\u010dne, Adobe Stock, alebo boli inak pou\u017eit\u00e9 s pr\u00edslu\u0161n\u00fdm povolen\u00edm.<\/p>\n\n\n\n<p>Ak sa niekto domnieva, \u017ee obr\u00e1zok zobrazen\u00fd na webovej str\u00e1nke nemus\u00ed by\u0165 riadne licencovan\u00fd alebo autorizovan\u00fd, je povinn\u00fd bezodkladne informova\u0165 spolo\u010dnos\u0165 Hayenne prostredn\u00edctvom kontaktnej osoby:<\/p>\n\n\n\n<p>E-mail: info @ hayenne.com<\/p>\n\n\n\n<p>Po prijat\u00ed tak\u00e9hoto ozn\u00e1menia spolo\u010dnos\u0165 Hayenne vec v dobrej viere presk\u00fama a v pr\u00edpade potreby prijme n\u00e1pravn\u00e9 opatrenia, vr\u00e1tane odstr\u00e1nenia, nahradenia alebo \u00fapravy pr\u00edslu\u0161n\u00e9ho obsahu.<br><\/p>\n\n\n\n<p><strong>5. Spr\u00e1vanie pou\u017e\u00edvate\u013ea<\/strong><\/p>\n\n\n\n<ol start=\"5\" class=\"wp-block-list\"><\/ol>\n\n\n\n<p>Pou\u017e\u00edvatelia s\u00fahlasia s t\u00fdm, \u017ee bud\u00fa pou\u017e\u00edva\u0165 webov\u00fa str\u00e1nku z\u00e1konn\u00fdm sp\u00f4sobom a nebud\u00fa:<\/p>\n\n\n\n<ul class=\"wp-block-list\">\n<li>Poru\u0161ova\u0165 ak\u00e9ko\u013evek platn\u00e9 z\u00e1kony alebo predpisy<\/li>\n\n\n\n<li>Poru\u0161ova\u0165 du\u0161evn\u00e9 vlastn\u00edctvo, s\u00fakromie alebo in\u00e9 pr\u00e1va spolo\u010dnosti Hayenne alebo tret\u00edch str\u00e1n.<\/li>\n\n\n\n<li>Zav\u00e1dza\u0165 v\u00edrusy, \u0161kodliv\u00fd softv\u00e9r alebo in\u00fd \u0161kodliv\u00fd k\u00f3d<\/li>\n\n\n\n<li>Pok\u00fa\u0161a\u0165 sa zasahova\u0165 do webovej str\u00e1nky, jej serverov alebo bezpe\u010dnostn\u00fdch funkci\u00ed alebo ich nar\u00fa\u0161a\u0165.<\/li>\n<\/ul>\n\n\n\n<p>Hayenne si vyhradzuje pr\u00e1vo obmedzi\u0165, pozastavi\u0165 alebo ukon\u010di\u0165 pr\u00edstup na webov\u00fa str\u00e1nku pod\u013ea vlastn\u00e9ho uv\u00e1\u017eenia v pr\u00edpade zneu\u017eitia alebo poru\u0161enia t\u00fdchto podmienok.<\/p>\n\n\n\n<p><strong>6. Odkazy a obsah tret\u00edch str\u00e1n<\/strong><\/p>\n\n\n\n<ol start=\"6\" class=\"wp-block-list\"><\/ol>\n\n\n\n<p>Webov\u00e1 str\u00e1nka m\u00f4\u017ee obsahova\u0165 odkazy na webov\u00e9 str\u00e1nky tret\u00edch str\u00e1n alebo odkazy na slu\u017eby tret\u00edch str\u00e1n. Tak\u00e9to odkazy s\u00fa poskytovan\u00e9 v\u00fdhradne pre va\u0161e pohodlie. Spolo\u010dnos\u0165 Hayenne nekontroluje, neschva\u013euje ani nepreber\u00e1 zodpovednos\u0165 za obsah, presnos\u0165, dostupnos\u0165 alebo postupy webov\u00fdch str\u00e1nok tret\u00edch str\u00e1n.<\/p>\n\n\n\n<p>Pr\u00edstup na webov\u00e9 str\u00e1nky tret\u00edch str\u00e1n je na vlastn\u00e9 riziko pou\u017e\u00edvate\u013ea.<\/p>\n\n\n\n<p><strong>7. Vyl\u00fa\u010denie z\u00e1ruk<\/strong><\/p>\n\n\n\n<ol start=\"7\" class=\"wp-block-list\"><\/ol>\n\n\n\n<p>Webov\u00e1 str\u00e1nka a cel\u00fd jej obsah s\u00fa poskytovan\u00e9 \u201ctak, ako s\u00fa\u201d a \u201cako s\u00fa k dispoz\u00edcii\u201d, bez ak\u00fdchko\u013evek z\u00e1ruk, \u010di u\u017e v\u00fdslovn\u00fdch alebo implicitn\u00fdch.<\/p>\n\n\n\n<p>Hayenne neposkytuje \u017eiadne vyhl\u00e1senia ani z\u00e1ruky t\u00fdkaj\u00face sa:<\/p>\n\n\n\n<ul class=\"wp-block-list\">\n<li>Presnos\u0165, \u00faplnos\u0165 alebo aktu\u00e1lnos\u0165 obsahu<\/li>\n\n\n\n<li>Nepretr\u017eit\u00e1 alebo bezchybn\u00e1 prev\u00e1dzka webovej str\u00e1nky<\/li>\n\n\n\n<li>Neexistencia technick\u00fdch z\u00e1vad alebo \u0161kodliv\u00fdch komponentov<\/li>\n<\/ul>\n\n\n\n<p>Obsah t\u00fdkaj\u00faci sa \u017eivotn\u00e9ho \u0161t\u00fdlu, wellness, m\u00f3dy alebo bud\u00facich trendov nepredstavuje odborn\u00e9, lek\u00e1rske, pr\u00e1vne ani finan\u010dn\u00e9 poradenstvo.<\/p>\n\n\n\n<p><strong>8. Obmedzenie zodpovednosti<\/strong><\/p>\n\n\n\n<ol start=\"8\" class=\"wp-block-list\"><\/ol>\n\n\n\n<p>V maxim\u00e1lnom rozsahu povolenom platn\u00fdmi z\u00e1konmi spolo\u010dnos\u0165 Hayenne nezodpoved\u00e1 za \u017eiadne priame, nepriame, n\u00e1hodn\u00e9, n\u00e1sledn\u00e9 alebo mimoriadne \u0161kody vypl\u00fdvaj\u00face z alebo s\u00favisiace s:<\/p>\n\n\n\n<ul class=\"wp-block-list\">\n<li>Pr\u00edstup k webovej str\u00e1nke alebo jej pou\u017e\u00edvanie<\/li>\n\n\n\n<li>Spoliehanie sa na ak\u00fdko\u013evek obsah<\/li>\n\n\n\n<li>Technick\u00e9 poruchy, preru\u0161enia alebo strata \u00fadajov<\/li>\n<\/ul>\n\n\n\n<p>\u017diadne ustanovenie t\u00fdchto podmienok nevylu\u010duje ani neobmedzuje zodpovednos\u0165, ak je tak\u00e9to vyl\u00fa\u010denie alebo obmedzenie zak\u00e1zan\u00e9 z\u00e1konom.<\/p>\n\n\n\n<p><strong>9. Ochrana \u00fadajov a s\u00fakromia<\/strong><\/p>\n\n\n\n<ol start=\"9\" class=\"wp-block-list\"><\/ol>\n\n\n\n<p>Spolo\u010dnos\u0165 Hayenne sprac\u00fava osobn\u00e9 \u00fadaje v s\u00falade s platn\u00fdmi z\u00e1konmi o ochrane \u00fadajov, vr\u00e1tane:<\/p>\n\n\n\n<ul class=\"wp-block-list\">\n<li>V\u0161eobecn\u00e9 nariadenie E\u00da o ochrane \u00fadajov (GDPR)<\/li>\n\n\n\n<li>GDPR Spojen\u00e9ho kr\u00e1\u013eovstva<\/li>\n\n\n\n<li>\u0160vaj\u010diarsky feder\u00e1lny z\u00e1kon o ochrane \u00fadajov (FADP)<\/li>\n<\/ul>\n\n\n\n<p>Osobn\u00e9 \u00fadaje s\u00fa sprac\u00favan\u00e9 z\u00e1konn\u00fdm, spravodliv\u00fdm a transparentn\u00fdm sp\u00f4sobom a v\u00fdlu\u010dne na legit\u00edmne \u00fa\u010dely. Pou\u017e\u00edvatelia m\u00f4\u017eu uplat\u0148ova\u0165 svoje pr\u00e1va na pr\u00edstup, opravu, vymazanie, obmedzenie, n\u00e1mietku a prenosnos\u0165 \u00fadajov v s\u00falade s platn\u00fdmi pr\u00e1vnymi predpismi.<\/p>\n\n\n\n<p>\u010eal\u0161ie inform\u00e1cie s\u00fa uveden\u00e9 v Z\u00e1sad\u00e1ch ochrany osobn\u00fdch \u00fadajov, ktor\u00e9 tvoria neoddelite\u013en\u00fa s\u00fa\u010das\u0165 t\u00fdchto podmienok.<\/p>\n\n\n\n<p><strong>10. Zmeny a doplnenia<\/strong><\/p>\n\n\n\n<ol start=\"10\" class=\"wp-block-list\"><\/ol>\n\n\n\n<p>Hayenne si vyhradzuje pr\u00e1vo kedyko\u013evek zmeni\u0165 alebo aktualizova\u0165 tieto podmienky. Ak\u00e9ko\u013evek zmeny nadobudn\u00fa platnos\u0165 po ich uverejnen\u00ed na webovej str\u00e1nke. Pokra\u010dovanie v pou\u017e\u00edvan\u00ed webovej str\u00e1nky po tak\u00fdchto zmen\u00e1ch znamen\u00e1 prijatie revidovan\u00fdch podmienok.<\/p>\n\n\n\n<p><strong>11. Oddelite\u013enos\u0165<\/strong><\/p>\n\n\n\n<ol start=\"11\" class=\"wp-block-list\"><\/ol>\n\n\n\n<p>Ak sa ktor\u00e9ko\u013evek ustanovenie t\u00fdchto podmienok pova\u017euje za neplatn\u00e9, nez\u00e1konn\u00e9 alebo nevyn\u00fatite\u013en\u00e9, tak\u00e9to ustanovenie sa vypust\u00ed a ostatn\u00e9 ustanovenia zostan\u00fa v plnej platnosti a \u00fa\u010dinnosti.<\/p>\n\n\n\n<p><strong>12. Rozhodn\u00e9 pr\u00e1vo a jurisdikcia<\/strong><\/p>\n\n\n\n<ol start=\"12\" class=\"wp-block-list\"><\/ol>\n\n\n\n<p>Tieto podmienky sa riadia a vykladaj\u00fa v s\u00falade so \u0161vaj\u010diarskym pr\u00e1vom bez oh\u013eadu na kol\u00edzne normy.<\/p>\n\n\n\n<p>Pr\u00edslu\u0161n\u00e9 s\u00fady vo \u0160vaj\u010diarsku maj\u00fa v\u00fdhradn\u00fa pr\u00e1vomoc vo v\u0161etk\u00fdch sporoch vypl\u00fdvaj\u00facich z t\u00fdchto podmienok alebo v s\u00favislosti s nimi alebo s pou\u017e\u00edvan\u00edm webovej str\u00e1nky, s v\u00fdnimkou pr\u00edpadov, ke\u010f sa uplat\u0148uj\u00fa povinn\u00e9 z\u00e1kony na ochranu spotrebite\u013ea.<\/p>\n\n\n\n<p><strong>13. Kontaktn\u00e9 inform\u00e1cie<\/strong><\/p>\n\n\n\n<ol start=\"13\" class=\"wp-block-list\"><\/ol>\n\n\n\n<p>V pr\u00edpade ot\u00e1zok alebo upozornen\u00ed t\u00fdkaj\u00facich sa t\u00fdchto podmienok kontaktujte:<\/p>\n\n\n\n<p>E-mail: info @ hayenne.com<\/p>","protected":false},"excerpt":{"rendered":"<p>Obchodn\u00e9 podmienky spolo\u010dnosti Hayenne<\/p>","protected":false},"author":1,"featured_media":0,"parent":0,"menu_order":0,"comment_status":"closed","ping_status":"closed","template":"","meta":{"colormag_page_container_layout":"default_layout","colormag_page_sidebar_layout":"default_layout","footnotes":""},"class_list":["post-737","page","type-page","status-publish","hentry"],"yoast_head":"<!-- This site is optimized with the Yoast SEO plugin v26.7 - https:\/\/yoast.com\/wordpress\/plugins\/seo\/ -->\n<title>Terms and Conditions - Hayenne | Modern Lifestyle &amp; Culture<\/title>\n<meta name=\"robots\" content=\"index, follow, max-snippet:-1, max-image-preview:large, max-video-preview:-1\" \/>\n<link rel=\"canonical\" href=\"https:\/\/www.hayenne.com\/sk\/podmienky\/\" \/>\n<meta property=\"og:locale\" content=\"sk_SK\" \/>\n<meta property=\"og:type\" content=\"article\" \/>\n<meta property=\"og:title\" content=\"Terms and Conditions - Hayenne | Modern Lifestyle &amp; Culture\" \/>\n<meta property=\"og:description\" content=\"Terms and Conditions of Hayenne\" \/>\n<meta property=\"og:url\" content=\"https:\/\/www.hayenne.com\/sk\/podmienky\/\" \/>\n<meta property=\"og:site_name\" content=\"Hayenne | Modern Lifestyle &amp; Culture\" \/>\n<meta name=\"twitter:card\" content=\"summary_large_image\" \/>\n<meta name=\"twitter:label1\" content=\"Predpokladan\u00fd \u010das \u010d\u00edtania\" \/>\n\t<meta name=\"twitter:data1\" content=\"4 min\u00faty\" \/>\n<script type=\"application\/ld+json\" class=\"yoast-schema-graph\">{\"@context\":\"https:\/\/schema.org\",\"@graph\":[{\"@type\":\"WebPage\",\"@id\":\"https:\/\/www.hayenne.com\/ru\/%d1%83%d1%81%d0%bb%d0%be%d0%b2%d0%b8%d1%8f-%d0%b8-%d0%bf%d0%be%d0%bb%d0%be%d0%b6%d0%b5%d0%bd%d0%b8%d1%8f\/\",\"url\":\"https:\/\/www.hayenne.com\/ru\/%d1%83%d1%81%d0%bb%d0%be%d0%b2%d0%b8%d1%8f-%d0%b8-%d0%bf%d0%be%d0%bb%d0%be%d0%b6%d0%b5%d0%bd%d0%b8%d1%8f\/\",\"name\":\"Terms and Conditions - Hayenne | Modern Lifestyle &amp; Culture\",\"isPartOf\":{\"@id\":\"http:\/\/www.hayenne.com\/pt\/#website\"},\"datePublished\":\"2025-12-23T22:39:39+00:00\",\"breadcrumb\":{\"@id\":\"https:\/\/www.hayenne.com\/ru\/%d1%83%d1%81%d0%bb%d0%be%d0%b2%d0%b8%d1%8f-%d0%b8-%d0%bf%d0%be%d0%bb%d0%be%d0%b6%d0%b5%d0%bd%d0%b8%d1%8f\/#breadcrumb\"},\"inLanguage\":\"sk-SK\",\"potentialAction\":[{\"@type\":\"ReadAction\",\"target\":[\"https:\/\/www.hayenne.com\/ru\/%d1%83%d1%81%d0%bb%d0%be%d0%b2%d0%b8%d1%8f-%d0%b8-%d0%bf%d0%be%d0%bb%d0%be%d0%b6%d0%b5%d0%bd%d0%b8%d1%8f\/\"]}]},{\"@type\":\"BreadcrumbList\",\"@id\":\"https:\/\/www.hayenne.com\/ru\/%d1%83%d1%81%d0%bb%d0%be%d0%b2%d0%b8%d1%8f-%d0%b8-%d0%bf%d0%be%d0%bb%d0%be%d0%b6%d0%b5%d0%bd%d0%b8%d1%8f\/#breadcrumb\",\"itemListElement\":[{\"@type\":\"ListItem\",\"position\":1,\"name\":\"Home\",\"item\":\"http:\/\/www.hayenne.com\/pt\/\"},{\"@type\":\"ListItem\",\"position\":2,\"name\":\"Terms and Conditions\"}]},{\"@type\":\"WebSite\",\"@id\":\"http:\/\/www.hayenne.com\/pt\/#website\",\"url\":\"http:\/\/www.hayenne.com\/pt\/\",\"name\":\"Hayenne | Modern Lifestyle & Culture\",\"description\":\"Hayenne is a global lifestyle platform exploring modern identity, wellness, fashion, beauty, relationships, and future living\u2014curated for men and women shaping a conscious, elegant, and forward-looking life.\",\"publisher\":{\"@id\":\"http:\/\/www.hayenne.com\/pt\/#organization\"},\"potentialAction\":[{\"@type\":\"SearchAction\",\"target\":{\"@type\":\"EntryPoint\",\"urlTemplate\":\"http:\/\/www.hayenne.com\/pt\/?s={search_term_string}\"},\"query-input\":{\"@type\":\"PropertyValueSpecification\",\"valueRequired\":true,\"valueName\":\"search_term_string\"}}],\"inLanguage\":\"sk-SK\"},{\"@type\":\"Organization\",\"@id\":\"http:\/\/www.hayenne.com\/pt\/#organization\",\"name\":\"Hayenne | Modern Lifestyle & Culture\",\"url\":\"http:\/\/www.hayenne.com\/pt\/\",\"logo\":{\"@type\":\"ImageObject\",\"inLanguage\":\"sk-SK\",\"@id\":\"http:\/\/www.hayenne.com\/pt\/#\/schema\/logo\/image\/\",\"url\":\"https:\/\/www.hayenne.com\/wp-content\/uploads\/2025\/12\/cropped-hayenne.jpg\",\"contentUrl\":\"https:\/\/www.hayenne.com\/wp-content\/uploads\/2025\/12\/cropped-hayenne.jpg\",\"width\":300,\"height\":60,\"caption\":\"Hayenne | Modern Lifestyle & Culture\"},\"image\":{\"@id\":\"http:\/\/www.hayenne.com\/pt\/#\/schema\/logo\/image\/\"}}]}<\/script>\n<!-- \/ Yoast SEO plugin. -->","yoast_head_json":{"title":"V\u0161eobecn\u00e9 obchodn\u00e9 podmienky \u2013 Hayenne | Modern\u00fd \u017eivotn\u00fd \u0161t\u00fdl a kult\u00fara","robots":{"index":"index","follow":"follow","max-snippet":"max-snippet:-1","max-image-preview":"max-image-preview:large","max-video-preview":"max-video-preview:-1"},"canonical":"https:\/\/www.hayenne.com\/sk\/podmienky\/","og_locale":"sk_SK","og_type":"article","og_title":"Terms and Conditions - Hayenne | Modern Lifestyle &amp; Culture","og_description":"Terms and Conditions of Hayenne","og_url":"https:\/\/www.hayenne.com\/sk\/podmienky\/","og_site_name":"Hayenne | Modern Lifestyle &amp; Culture","twitter_card":"summary_large_image","twitter_misc":{"Predpokladan\u00fd \u010das \u010d\u00edtania":"4 min\u00faty"},"schema":{"@context":"https:\/\/schema.org","@graph":[{"@type":"WebPage","@id":"https:\/\/www.hayenne.com\/ru\/%d1%83%d1%81%d0%bb%d0%be%d0%b2%d0%b8%d1%8f-%d0%b8-%d0%bf%d0%be%d0%bb%d0%be%d0%b6%d0%b5%d0%bd%d0%b8%d1%8f\/","url":"https:\/\/www.hayenne.com\/ru\/%d1%83%d1%81%d0%bb%d0%be%d0%b2%d0%b8%d1%8f-%d0%b8-%d0%bf%d0%be%d0%bb%d0%be%d0%b6%d0%b5%d0%bd%d0%b8%d1%8f\/","name":"V\u0161eobecn\u00e9 obchodn\u00e9 podmienky \u2013 Hayenne | Modern\u00fd \u017eivotn\u00fd \u0161t\u00fdl a kult\u00fara","isPartOf":{"@id":"http:\/\/www.hayenne.com\/pt\/#website"},"datePublished":"2025-12-23T22:39:39+00:00","breadcrumb":{"@id":"https:\/\/www.hayenne.com\/ru\/%d1%83%d1%81%d0%bb%d0%be%d0%b2%d0%b8%d1%8f-%d0%b8-%d0%bf%d0%be%d0%bb%d0%be%d0%b6%d0%b5%d0%bd%d0%b8%d1%8f\/#breadcrumb"},"inLanguage":"sk-SK","potentialAction":[{"@type":"ReadAction","target":["https:\/\/www.hayenne.com\/ru\/%d1%83%d1%81%d0%bb%d0%be%d0%b2%d0%b8%d1%8f-%d0%b8-%d0%bf%d0%be%d0%bb%d0%be%d0%b6%d0%b5%d0%bd%d0%b8%d1%8f\/"]}]},{"@type":"BreadcrumbList","@id":"https:\/\/www.hayenne.com\/ru\/%d1%83%d1%81%d0%bb%d0%be%d0%b2%d0%b8%d1%8f-%d0%b8-%d0%bf%d0%be%d0%bb%d0%be%d0%b6%d0%b5%d0%bd%d0%b8%d1%8f\/#breadcrumb","itemListElement":[{"@type":"ListItem","position":1,"name":"Home","item":"http:\/\/www.hayenne.com\/pt\/"},{"@type":"ListItem","position":2,"name":"Terms and Conditions"}]},{"@type":"WebSite","@id":"http:\/\/www.hayenne.com\/pt\/#website","url":"http:\/\/www.hayenne.com\/pt\/","name":"Hayenne | Modern\u00fd \u017eivotn\u00fd \u0161t\u00fdl a kult\u00fara","description":"Hayenne je glob\u00e1lna platforma venovan\u00e1 \u017eivotn\u00e9mu \u0161t\u00fdlu, ktor\u00e1 sa zaober\u00e1 modernou identitou, wellness, m\u00f3dou, kr\u00e1sou, vz\u0165ahmi a bud\u00facim \u017eivotom \u2013 ur\u010den\u00e1 pre mu\u017eov a \u017eeny, ktor\u00ed si vytv\u00e1raj\u00fa uvedomel\u00fd, elegantn\u00fd a progres\u00edvny \u017eivot.","publisher":{"@id":"http:\/\/www.hayenne.com\/pt\/#organization"},"potentialAction":[{"@type":"SearchAction","target":{"@type":"EntryPoint","urlTemplate":"http:\/\/www.hayenne.com\/pt\/?s={search_term_string}"},"query-input":{"@type":"PropertyValueSpecification","valueRequired":true,"valueName":"search_term_string"}}],"inLanguage":"sk-SK"},{"@type":"Organization","@id":"http:\/\/www.hayenne.com\/pt\/#organization","name":"Hayenne | Modern\u00fd \u017eivotn\u00fd \u0161t\u00fdl a kult\u00fara","url":"http:\/\/www.hayenne.com\/pt\/","logo":{"@type":"ImageObject","inLanguage":"sk-SK","@id":"http:\/\/www.hayenne.com\/pt\/#\/schema\/logo\/image\/","url":"https:\/\/www.hayenne.com\/wp-content\/uploads\/2025\/12\/cropped-hayenne.jpg","contentUrl":"https:\/\/www.hayenne.com\/wp-content\/uploads\/2025\/12\/cropped-hayenne.jpg","width":300,"height":60,"caption":"Hayenne | Modern Lifestyle & Culture"},"image":{"@id":"http:\/\/www.hayenne.com\/pt\/#\/schema\/logo\/image\/"}}]}},"_links":{"self":[{"href":"https:\/\/www.hayenne.com\/sk\/wp-json\/wp\/v2\/pages\/737","targetHints":{"allow":["GET"]}}],"collection":[{"href":"https:\/\/www.hayenne.com\/sk\/wp-json\/wp\/v2\/pages"}],"about":[{"href":"https:\/\/www.hayenne.com\/sk\/wp-json\/wp\/v2\/types\/page"}],"author":[{"embeddable":true,"href":"https:\/\/www.hayenne.com\/sk\/wp-json\/wp\/v2\/users\/1"}],"replies":[{"embeddable":true,"href":"https:\/\/www.hayenne.com\/sk\/wp-json\/wp\/v2\/comments?post=737"}],"version-history":[{"count":1,"href":"https:\/\/www.hayenne.com\/sk\/wp-json\/wp\/v2\/pages\/737\/revisions"}],"predecessor-version":[{"id":1042,"href":"https:\/\/www.hayenne.com\/sk\/wp-json\/wp\/v2\/pages\/737\/revisions\/1042"}],"wp:attachment":[{"href":"https:\/\/www.hayenne.com\/sk\/wp-json\/wp\/v2\/media?parent=737"}],"curies":[{"name":"wp","href":"https:\/\/api.w.org\/{rel}","templated":true}]}}